{"id":2811,"date":"2023-11-21T23:17:13","date_gmt":"2023-11-21T22:17:13","guid":{"rendered":"https:\/\/www.olcgs.org\/?page_id=2811"},"modified":"2024-04-06T12:58:38","modified_gmt":"2024-04-06T10:58:38","slug":"st-mary-euphrasia","status":"publish","type":"page","link":"https:\/\/www.olcgs.org\/es\/our-saints-and-blessed\/st-mary-euphrasia\/","title":{"rendered":"Santa Mar\u00eda Eufrasia"},"content":{"rendered":"<div data-elementor-type=\"wp-page\" data-elementor-id=\"2811\" class=\"elementor elementor-2811\" data-elementor-post-type=\"page\">\n\t\t\t\t<div class=\"elementor-element elementor-element-91dbb51 e-flex e-con-boxed e-con e-parent\" data-id=\"91dbb51\" data-element_type=\"container\" data-e-type=\"container\" data-settings=\"{&quot;jet_parallax_layout_list&quot;:[],&quot;background_background&quot;:&quot;classic&quot;}\">\n\t\t\t\t\t<div class=\"e-con-inner\">\n\t\t\t\t<div class=\"elementor-element elementor-element-cdd2c86 elementor-invisible elementor-widget elementor-widget-heading\" data-id=\"cdd2c86\" data-element_type=\"widget\" data-e-type=\"widget\" data-settings=\"{&quot;_animation&quot;:&quot;fadeInDown&quot;}\" data-widget_type=\"heading.default\">\n\t\t\t\t<div class=\"elementor-widget-container\">\n\t\t\t\t\t<h2 class=\"elementor-heading-title elementor-size-default\">Santa Mar\u00eda Eufrasia<\/h2>\t\t\t\t<\/div>\n\t\t\t\t<\/div>\n\t\t\t\t<div class=\"elementor-element elementor-element-19bf56e elementor-invisible elementor-widget elementor-widget-jet-breadcrumbs\" data-id=\"19bf56e\" data-element_type=\"widget\" data-e-type=\"widget\" data-settings=\"{&quot;_animation&quot;:&quot;fadeIn&quot;,&quot;_animation_delay&quot;:900}\" data-widget_type=\"jet-breadcrumbs.default\">\n\t\t\t\t<div class=\"elementor-widget-container\">\n\t\t\t\t\t<div class=\"elementor-jet-breadcrumbs jet-blocks\">\n\t\t<div class=\"jet-breadcrumbs\">\n\t\t<div class=\"jet-breadcrumbs__content\">\n\t\t<div class=\"jet-breadcrumbs__wrap\"><div class=\"jet-breadcrumbs__item\"><a href=\"https:\/\/www.olcgs.org\/es\/\" class=\"jet-breadcrumbs__item-link is-home\" rel=\"home\" title=\"Inicio\">Inicio<\/a><\/div>\n\t\t<\/div>\n\t\t<\/div>\n\t\t<\/div><\/div>\t\t\t\t<\/div>\n\t\t\t\t<\/div>\n\t\t\t\t\t<\/div>\n\t\t\t\t<\/div>\n\t\t<div class=\"elementor-element elementor-element-080b405 e-flex e-con-boxed elementor-invisible e-con e-parent\" data-id=\"080b405\" data-element_type=\"container\" data-e-type=\"container\" data-settings=\"{&quot;jet_parallax_layout_list&quot;:[],&quot;animation&quot;:&quot;fadeInUp&quot;}\">\n\t\t\t\t\t<div class=\"e-con-inner\">\n\t\t<div class=\"elementor-element elementor-element-f7a5aac e-con-full e-flex e-con e-child\" data-id=\"f7a5aac\" data-element_type=\"container\" data-e-type=\"container\" data-settings=\"{&quot;jet_parallax_layout_list&quot;:[]}\">\n\t\t\t\t<div class=\"elementor-element elementor-element-f6eed42 elementor-widget elementor-widget-heading\" data-id=\"f6eed42\" data-element_type=\"widget\" data-e-type=\"widget\" data-widget_type=\"heading.default\">\n\t\t\t\t<div class=\"elementor-widget-container\">\n\t\t\t\t\t<h2 class=\"elementor-heading-title elementor-size-default\">Una mujer adelantada a su tiempo<\/h2>\t\t\t\t<\/div>\n\t\t\t\t<\/div>\n\t\t\t\t<div class=\"elementor-element elementor-element-9f724f3 elementor-widget-laptop__width-initial elementor-widget elementor-widget-text-editor\" data-id=\"9f724f3\" data-element_type=\"widget\" data-e-type=\"widget\" data-widget_type=\"text-editor.default\">\n\t\t\t\t<div class=\"elementor-widget-container\">\n\t\t\t\t\t\t\t\t\t<div class=\"page\" title=\"Page 3\"><div class=\"section\"><div class=\"layoutArea\"><div class=\"column\"><p>Santa Mar\u00eda Eufrasia naci\u00f3 como Rosa Virginia Pelletier en la isla de Noirmoutier, frente a la costa Francesa, el 31 de julio de 1796. Sus padres fueron encarcelados en la isla durante la Revoluci\u00f3n Francesa. Creci\u00f3 en el turbulento periodo posterior a la revoluci\u00f3n. Su padre era m\u00e9dico y atend\u00eda tanto a los habitantes de la isla como a sus captores. Su madre alimentaba a los hambrientos y cuidaba a los enfermos. Desde ni\u00f1a, Santa Mar\u00eda Eufrasia fue testigo de que la fe se expresa en la acci\u00f3n. En a\u00f1os posteriores, aconsejar\u00eda a sus novicias acerca de las personas a su cargo: \"No basta con que las ames, ellas deben saber que las amas\".<\/p><p>Siendo adolescente, Santa Mar\u00eda Eufrasia asisti\u00f3 a un internado en Tours, Francia, y se familiariz\u00f3 con las Hermanas de Nuestra Se\u00f1ora de la Caridad del Refugio que resid\u00edan cerca. Esta Orden hab\u00eda sido fundada por San Juan Eudes en 1641. Se sinti\u00f3 especialmente atra\u00edda por la misi\u00f3n de estas hermanas, que atend\u00edan a ni\u00f1as y mujeres en situaciones dif\u00edciles. Algunas de ellas hab\u00edan sido abandonadas por sus familias o eran hu\u00e9rfanas; otras se ve\u00edan obligadas a prostituirse para sobrevivir. Las hermanas les daban cobijo, comida, formaci\u00f3n profesional y la oportunidad de dar un giro a sus vidas. Santa Mar\u00eda Eufrasia ingres\u00f3 en la Congregaci\u00f3n de Nuestra Se\u00f1ora de la Caridad del Refugio de Tours a los 18 a\u00f1os y recibi\u00f3 el nombre religioso de Mar\u00eda Eufrasia.<\/p><\/div><\/div><\/div><\/div>\t\t\t\t\t\t\t\t<\/div>\n\t\t\t\t<\/div>\n\t\t\t\t<\/div>\n\t\t<div class=\"elementor-element elementor-element-81df597 e-con-full e-flex e-con e-child\" data-id=\"81df597\" data-element_type=\"container\" data-e-type=\"container\" data-settings=\"{&quot;jet_parallax_layout_list&quot;:[]}\">\n\t\t\t\t<div class=\"elementor-element elementor-element-d3b5568 elementor-widget elementor-widget-image\" data-id=\"d3b5568\" data-element_type=\"widget\" data-e-type=\"widget\" data-widget_type=\"image.default\">\n\t\t\t\t<div class=\"elementor-widget-container\">\n\t\t\t\t\t\t\t\t\t\t\t\t\t\t\t<img fetchpriority=\"high\" decoding=\"async\" width=\"800\" height=\"993\" src=\"https:\/\/www.olcgs.org\/wp-content\/uploads\/2023\/12\/Mary-Euphrasia-Pelletier.jpg\" class=\"attachment-large size-large wp-image-3334\" alt=\"\" srcset=\"https:\/\/www.olcgs.org\/wp-content\/uploads\/2023\/12\/Mary-Euphrasia-Pelletier.jpg 800w, https:\/\/www.olcgs.org\/wp-content\/uploads\/2023\/12\/Mary-Euphrasia-Pelletier-242x300.jpg 242w, https:\/\/www.olcgs.org\/wp-content\/uploads\/2023\/12\/Mary-Euphrasia-Pelletier-768x953.jpg 768w\" sizes=\"(max-width: 800px) 100vw, 800px\" \/>\t\t\t\t\t\t\t\t\t\t\t\t\t\t\t<\/div>\n\t\t\t\t<\/div>\n\t\t\t\t<\/div>\n\t\t\t\t\t<\/div>\n\t\t\t\t<\/div>\n\t\t<div class=\"elementor-element elementor-element-bbc1c2d e-flex e-con-boxed elementor-invisible e-con e-parent\" data-id=\"bbc1c2d\" data-element_type=\"container\" data-e-type=\"container\" data-settings=\"{&quot;jet_parallax_layout_list&quot;:[],&quot;animation&quot;:&quot;fadeInUp&quot;}\">\n\t\t\t\t\t<div class=\"e-con-inner\">\n\t\t<div class=\"elementor-element elementor-element-1954604 e-con-full e-flex e-con e-child\" data-id=\"1954604\" data-element_type=\"container\" data-e-type=\"container\" data-settings=\"{&quot;jet_parallax_layout_list&quot;:[]}\">\n\t\t\t\t<div class=\"elementor-element elementor-element-7317a32 elementor-widget elementor-widget-heading\" data-id=\"7317a32\" data-element_type=\"widget\" data-e-type=\"widget\" data-widget_type=\"heading.default\">\n\t\t\t\t<div class=\"elementor-widget-container\">\n\t\t\t\t\t<h2 class=\"elementor-heading-title elementor-size-default\">Formaci\u00f3n de las Hermanas de Santa Magdalena<\/h2>\t\t\t\t<\/div>\n\t\t\t\t<\/div>\n\t\t\t\t<div class=\"elementor-element elementor-element-d6d1a3e elementor-widget elementor-widget-image\" data-id=\"d6d1a3e\" data-element_type=\"widget\" data-e-type=\"widget\" data-widget_type=\"image.default\">\n\t\t\t\t<div class=\"elementor-widget-container\">\n\t\t\t\t\t\t\t\t\t\t\t\t\t\t\t<img decoding=\"async\" width=\"800\" height=\"452\" src=\"https:\/\/www.olcgs.org\/wp-content\/uploads\/2024\/02\/Magdalens-1024x578.jpg\" class=\"attachment-large size-large wp-image-7260\" alt=\"\" srcset=\"https:\/\/www.olcgs.org\/wp-content\/uploads\/2024\/02\/Magdalens-1024x578.jpg 1024w, https:\/\/www.olcgs.org\/wp-content\/uploads\/2024\/02\/Magdalens-300x169.jpg 300w, https:\/\/www.olcgs.org\/wp-content\/uploads\/2024\/02\/Magdalens-768x433.jpg 768w, https:\/\/www.olcgs.org\/wp-content\/uploads\/2024\/02\/Magdalens-18x10.jpg 18w, https:\/\/www.olcgs.org\/wp-content\/uploads\/2024\/02\/Magdalens.jpg 1219w\" sizes=\"(max-width: 800px) 100vw, 800px\" \/>\t\t\t\t\t\t\t\t\t\t\t\t\t\t\t<\/div>\n\t\t\t\t<\/div>\n\t\t\t\t<div class=\"elementor-element elementor-element-d1b5a6e elementor-widget-laptop__width-initial elementor-widget elementor-widget-text-editor\" data-id=\"d1b5a6e\" data-element_type=\"widget\" data-e-type=\"widget\" data-widget_type=\"text-editor.default\">\n\t\t\t\t<div class=\"elementor-widget-container\">\n\t\t\t\t\t\t\t\t\t<p>Mientras dirig\u00eda la comunidad de Tours, Santa Mar\u00eda Eufrasia form\u00f3 una comunidad contemplativa para las mujeres que hab\u00edan residido en sus casas y que deseaban vivir una vida contemplativa. Inicialmente conocidas como las Hermanas de Santa Magdalena, contin\u00faan viviendo su identidad como hermanas contemplativas dentro de una congregaci\u00f3n apost\u00f3lica.<\/p><p>En 1829, Santa Mar\u00eda Eufrasia viaj\u00f3 a Angers, Francia, a petici\u00f3n del obispo para establecer un hogar en su di\u00f3cesis. Pronto, obispos de otras ciudades empezaron a pedir a las hermanas que establecieran comunidades para atender a las mujeres y ni\u00f1as de sus di\u00f3cesis. Santa Mar\u00eda Eufrasia respondi\u00f3 con prontitud a estas peticiones. Para servir mejor a este prop\u00f3sito, sinti\u00f3 la necesidad de ampliar la misi\u00f3n a donde fuera necesario. Imagin\u00f3 una estructura de gobierno que permitiera a la Congregaci\u00f3n expandirse globalmente.<\/p><p>Santa Mar\u00eda Eufrasia necesitaba la aprobaci\u00f3n para reformar la Congregaci\u00f3n y someterla a un gobierno general. La Iglesia se lo concedi\u00f3 en 1835, lo que dio lugar a la creaci\u00f3n de la nueva Congregaci\u00f3n de Nuestra Se\u00f1ora de la Caridad del Buen Pastor.<\/p><p>El 3 de abril de 1835, se convirti\u00f3 en la primera superiora de la nueva Congregaci\u00f3n. A partir de ese d\u00eda, todas las comunidades existentes y nuevas depender\u00edan de la Casa Madre de Angers (Francia).<\/p>\t\t\t\t\t\t\t\t<\/div>\n\t\t\t\t<\/div>\n\t\t\t\t<\/div>\n\t\t\t\t\t<\/div>\n\t\t\t\t<\/div>\n\t\t<div class=\"elementor-element elementor-element-bc033a0 e-flex e-con-boxed e-con e-parent\" data-id=\"bc033a0\" data-element_type=\"container\" data-e-type=\"container\" data-settings=\"{&quot;jet_parallax_layout_list&quot;:[],&quot;background_background&quot;:&quot;classic&quot;}\">\n\t\t\t\t\t<div class=\"e-con-inner\">\n\t\t<div class=\"elementor-element elementor-element-3a73601 e-con-full e-flex e-con e-child\" data-id=\"3a73601\" data-element_type=\"container\" data-e-type=\"container\" data-settings=\"{&quot;jet_parallax_layout_list&quot;:[]}\">\n\t\t\t\t<div class=\"elementor-element elementor-element-5bcbb7d elementor-widget elementor-widget-image\" data-id=\"5bcbb7d\" data-element_type=\"widget\" data-e-type=\"widget\" data-widget_type=\"image.default\">\n\t\t\t\t<div class=\"elementor-widget-container\">\n\t\t\t\t\t\t\t\t\t\t\t\t\t\t\t<img decoding=\"async\" width=\"320\" height=\"389\" src=\"https:\/\/www.olcgs.org\/wp-content\/uploads\/2023\/11\/Marie-Euphrasie_Pelletier.jpg\" class=\"attachment-large size-large wp-image-1216\" alt=\"\" srcset=\"https:\/\/www.olcgs.org\/wp-content\/uploads\/2023\/11\/Marie-Euphrasie_Pelletier.jpg 320w, https:\/\/www.olcgs.org\/wp-content\/uploads\/2023\/11\/Marie-Euphrasie_Pelletier-247x300.jpg 247w\" sizes=\"(max-width: 320px) 100vw, 320px\" \/>\t\t\t\t\t\t\t\t\t\t\t\t\t\t\t<\/div>\n\t\t\t\t<\/div>\n\t\t\t\t<\/div>\n\t\t<div class=\"elementor-element elementor-element-0927306 e-con-full e-flex e-con e-child\" data-id=\"0927306\" data-element_type=\"container\" data-e-type=\"container\" data-settings=\"{&quot;jet_parallax_layout_list&quot;:[]}\">\n\t\t\t\t<div class=\"elementor-element elementor-element-0a420e6 elementor-widget__width-initial elementor-widget elementor-widget-heading\" data-id=\"0a420e6\" data-element_type=\"widget\" data-e-type=\"widget\" data-widget_type=\"heading.default\">\n\t\t\t\t<div class=\"elementor-widget-container\">\n\t\t\t\t\t<h2 class=\"elementor-heading-title elementor-size-default\">Santa Mar\u00eda Eufrasia beatificada en 1940<\/h2>\t\t\t\t<\/div>\n\t\t\t\t<\/div>\n\t\t\t\t<div class=\"elementor-element elementor-element-069d3e0 elementor-widget-laptop__width-initial elementor-widget__width-initial elementor-widget elementor-widget-text-editor\" data-id=\"069d3e0\" data-element_type=\"widget\" data-e-type=\"widget\" data-widget_type=\"text-editor.default\">\n\t\t\t\t<div class=\"elementor-widget-container\">\n\t\t\t\t\t\t\t\t\t<p>Santa Mar\u00eda Eufrasia fue Superiora Congregacional durante 33 a\u00f1os. A su muerte, en 1868, hab\u00eda fundado 110 conventos en todo el mundo. Fue beatificada el 30 de abril de 1933. Fue canonizada como santa por el Papa P\u00edo XII en 1940. Su fiesta se celebra el 24 de abril.<\/p>\t\t\t\t\t\t\t\t<\/div>\n\t\t\t\t<\/div>\n\t\t\t\t<\/div>\n\t\t\t\t\t<\/div>\n\t\t\t\t<\/div>\n\t\t<div class=\"elementor-element elementor-element-9f8f67e e-con-full elementor-hidden-desktop elementor-hidden-laptop elementor-hidden-tablet elementor-hidden-mobile e-flex e-con e-parent\" data-id=\"9f8f67e\" data-element_type=\"container\" data-e-type=\"container\" data-settings=\"{&quot;jet_parallax_layout_list&quot;:[]}\">\n\t\t\t\t<div class=\"elementor-element elementor-element-68c081f elementor-widget elementor-widget-qi_addons_for_elementor_timeline\" data-id=\"68c081f\" data-element_type=\"widget\" data-e-type=\"widget\" data-widget_type=\"qi_addons_for_elementor_timeline.default\">\n\t\t\t\t<div class=\"elementor-widget-container\">\n\t\t\t\t\t<div class=\"qodef-shortcode qodef-m qodef-qi-timeline qodef-timeline--horizontal qodef-layout--columns qodef-timeline-layout--horizontal-alternating qodef-point--standard qodef-qi--has-appear\" data-options=\"{&quot;colNum&quot;:&quot;4&quot;,&quot;colNum1440&quot;:&quot;4&quot;,&quot;colNum1366&quot;:&quot;4&quot;,&quot;colNum1024&quot;:&quot;3&quot;,&quot;colNum768&quot;:&quot;2&quot;,&quot;colNum680&quot;:&quot;1&quot;,&quot;colNum480&quot;:&quot;1&quot;}\">\n\t<div class=\"qodef-nav-prev\">\n\t\t<svg class=\"qodef-swiper-arrow-left\" xmlns=\"http:\/\/www.w3.org\/2000\/svg\" x=\"0px\" y=\"0px\" viewbox=\"0 0 34.2 32.3\" xml:space=\"preserve\" style=\"stroke-width: 2;\"><line x1=\"0.5\" y1=\"16\" x2=\"33.5\" y2=\"16\"\/><line x1=\"0.3\" y1=\"16.5\" x2=\"16.2\" y2=\"0.7\"\/><line x1=\"0\" y1=\"15.4\" x2=\"16.2\" y2=\"31.6\"\/><\/svg>\t<\/div>\n\t<div class=\"qodef-nav-next\">\n\t\t<svg class=\"qodef-swiper-arrow-right\" xmlns=\"http:\/\/www.w3.org\/2000\/svg\" x=\"0px\" y=\"0px\" viewbox=\"0 0 34.2 32.3\" xml:space=\"preserve\" style=\"stroke-width: 2;\"><line x1=\"0\" y1=\"16\" x2=\"33\" y2=\"16\"\/><line x1=\"17.3\" y1=\"0.7\" x2=\"33.2\" y2=\"16.5\"\/><line x1=\"17.3\" y1=\"31.6\" x2=\"33.5\" y2=\"15.4\"\/><\/svg>\t<\/div>\n\t<div class=\"qodef-grid-inner\">\n\t<div class=\"qodef-e qodef-e-item qodef-grid-item elementor-repeater-item-e3e4ec3 qodef-reverse\">\n\t<div class=\"qodef-e-line-holder\">\n\t\t<span class=\"qodef-e-line\"><\/span>\n\t<\/div>\n\t<div class=\"qodef-e-item-inner\">\n\t\t<div class=\"qodef-e-point-holder\">\n\t\t\t<div class=\"qodef-e-point\">\n\t\t\t\t\t\t\t<\/div>\n\t\t<\/div>\n\t\t<div class=\"qodef-e-top-holder\">\n\t\t\t<div class=\"qodef-e-image\">\n\t<img loading=\"lazy\" decoding=\"async\" width=\"300\" height=\"200\" src=\"https:\/\/www.olcgs.org\/wp-content\/uploads\/2023\/11\/EudisteFund-300x200.jpg\" class=\"attachment-medium size-medium\" alt=\"\" srcset=\"https:\/\/www.olcgs.org\/wp-content\/uploads\/2023\/11\/EudisteFund-300x200.jpg 300w, https:\/\/www.olcgs.org\/wp-content\/uploads\/2023\/11\/EudisteFund-768x512.jpg 768w, https:\/\/www.olcgs.org\/wp-content\/uploads\/2023\/11\/EudisteFund.jpg 900w\" sizes=\"(max-width: 300px) 100vw, 300px\" \/><\/div>\n\t\t<\/div>\n\t\t<div class=\"qodef-e-content-holder\">\n\t\t\t\t<h6 class=\"qodef-e-title\">\n\t\tExample Title 1\t\t<\/h6>\n\t\t\t\t\t<p class=\"qodef-e-text\">\n\t\tLorem ipsum dolor sit amet, consectetur adipiscing elit. Mauris tempus nisl vitae magna pulvinar laoreet.\t<\/p>\n\t\t\t\t\t<div class=\"qodef-e-date\">\n\t\t1980\t<\/div>\n\t\t\t<\/div>\n\t<\/div>\n<\/div>\n<div class=\"qodef-e qodef-e-item qodef-grid-item elementor-repeater-item-7e3e6fe qodef-obverse\">\n\t<div class=\"qodef-e-line-holder\">\n\t\t<span class=\"qodef-e-line\"><\/span>\n\t<\/div>\n\t<div class=\"qodef-e-item-inner\">\n\t\t<div class=\"qodef-e-point-holder\">\n\t\t\t<div class=\"qodef-e-point\">\n\t\t\t\t\t\t\t<\/div>\n\t\t<\/div>\n\t\t<div class=\"qodef-e-top-holder\">\n\t\t\t<div class=\"qodef-e-image\">\n\t<img loading=\"lazy\" decoding=\"async\" width=\"300\" height=\"200\" src=\"https:\/\/www.olcgs.org\/wp-content\/uploads\/2023\/11\/028A1837-300x200.jpg\" class=\"attachment-medium size-medium\" alt=\"\" srcset=\"https:\/\/www.olcgs.org\/wp-content\/uploads\/2023\/11\/028A1837-300x200.jpg 300w, https:\/\/www.olcgs.org\/wp-content\/uploads\/2023\/11\/028A1837-1024x683.jpg 1024w, https:\/\/www.olcgs.org\/wp-content\/uploads\/2023\/11\/028A1837-768x512.jpg 768w, https:\/\/www.olcgs.org\/wp-content\/uploads\/2023\/11\/028A1837-1536x1024.jpg 1536w, https:\/\/www.olcgs.org\/wp-content\/uploads\/2023\/11\/028A1837-2048x1366.jpg 2048w\" sizes=\"(max-width: 300px) 100vw, 300px\" \/><\/div>\n\t\t<\/div>\n\t\t<div class=\"qodef-e-content-holder\">\n\t\t\t\t<h6 class=\"qodef-e-title\">\n\t\tExample Title 2\t\t<\/h6>\n\t\t\t\t\t<p class=\"qodef-e-text\">\n\t\tLorem ipsum dolor sit amet, consectetur adipiscing elit. Mauris tempus nisl vitae magna pulvinar laoreet.\t<\/p>\n\t\t\t\t\t<div class=\"qodef-e-date\">\n\t\t1983\t<\/div>\n\t\t\t<\/div>\n\t<\/div>\n<\/div>\n<div class=\"qodef-e qodef-e-item qodef-grid-item elementor-repeater-item-1a72307 qodef-reverse\">\n\t<div class=\"qodef-e-line-holder\">\n\t\t<span class=\"qodef-e-line\"><\/span>\n\t<\/div>\n\t<div class=\"qodef-e-item-inner\">\n\t\t<div class=\"qodef-e-point-holder\">\n\t\t\t<div class=\"qodef-e-point\">\n\t\t\t\t\t\t\t<\/div>\n\t\t<\/div>\n\t\t<div class=\"qodef-e-top-holder\">\n\t\t\t<div class=\"qodef-e-image\">\n\t<img loading=\"lazy\" decoding=\"async\" width=\"300\" height=\"268\" src=\"https:\/\/www.olcgs.org\/wp-content\/uploads\/2023\/12\/1efff84bee36ba326f71fd9cd7b2a711-300x268.jpg\" class=\"attachment-medium size-medium\" alt=\"\" srcset=\"https:\/\/www.olcgs.org\/wp-content\/uploads\/2023\/12\/1efff84bee36ba326f71fd9cd7b2a711-300x268.jpg 300w, https:\/\/www.olcgs.org\/wp-content\/uploads\/2023\/12\/1efff84bee36ba326f71fd9cd7b2a711.jpg 632w\" sizes=\"(max-width: 300px) 100vw, 300px\" \/><\/div>\n\t\t<\/div>\n\t\t<div class=\"qodef-e-content-holder\">\n\t\t\t\t<h6 class=\"qodef-e-title\">\n\t\tExample Title 3\t\t<\/h6>\n\t\t\t\t\t<p class=\"qodef-e-text\">\n\t\tLorem ipsum dolor sit amet, consectetur adipiscing elit. Mauris tempus nisl vitae magna pulvinar laoreet.\t<\/p>\n\t\t\t\t\t<div class=\"qodef-e-date\">\n\t\t1989\t<\/div>\n\t\t\t<\/div>\n\t<\/div>\n<\/div>\n<div class=\"qodef-e qodef-e-item qodef-grid-item elementor-repeater-item-899fb82 qodef-obverse\">\n\t<div class=\"qodef-e-line-holder\">\n\t\t<span class=\"qodef-e-line\"><\/span>\n\t<\/div>\n\t<div class=\"qodef-e-item-inner\">\n\t\t<div class=\"qodef-e-point-holder\">\n\t\t\t<div class=\"qodef-e-point\">\n\t\t\t\t\t\t\t<\/div>\n\t\t<\/div>\n\t\t<div class=\"qodef-e-top-holder\">\n\t\t\t<div class=\"qodef-e-image\">\n\t<img loading=\"lazy\" decoding=\"async\" width=\"225\" height=\"300\" src=\"https:\/\/www.olcgs.org\/wp-content\/uploads\/2023\/12\/living-words-wall-decor-jesus-christ-shepherd-jp10-14150693093463-225x300.jpg\" class=\"attachment-medium size-medium\" alt=\"\" srcset=\"https:\/\/www.olcgs.org\/wp-content\/uploads\/2023\/12\/living-words-wall-decor-jesus-christ-shepherd-jp10-14150693093463-225x300.jpg 225w, https:\/\/www.olcgs.org\/wp-content\/uploads\/2023\/12\/living-words-wall-decor-jesus-christ-shepherd-jp10-14150693093463-769x1024.jpg 769w, https:\/\/www.olcgs.org\/wp-content\/uploads\/2023\/12\/living-words-wall-decor-jesus-christ-shepherd-jp10-14150693093463-768x1023.jpg 768w, https:\/\/www.olcgs.org\/wp-content\/uploads\/2023\/12\/living-words-wall-decor-jesus-christ-shepherd-jp10-14150693093463-1153x1536.jpg 1153w, https:\/\/www.olcgs.org\/wp-content\/uploads\/2023\/12\/living-words-wall-decor-jesus-christ-shepherd-jp10-14150693093463.jpg 1351w\" sizes=\"(max-width: 225px) 100vw, 225px\" \/><\/div>\n\t\t<\/div>\n\t\t<div class=\"qodef-e-content-holder\">\n\t\t\t\t<h6 class=\"qodef-e-title\">\n\t\tExample Title 3\t\t<\/h6>\n\t\t\t\t\t<p class=\"qodef-e-text\">\n\t\tLorem ipsum dolor sit amet, consectetur adipiscing elit. Mauris tempus nisl vitae magna pulvinar laoreet.\t<\/p>\n\t\t\t\t\t<div class=\"qodef-e-date\">\n\t\t1989\t<\/div>\n\t\t\t<\/div>\n\t<\/div>\n<\/div>\n<div class=\"qodef-e qodef-e-item qodef-grid-item elementor-repeater-item-f4d1eaa qodef-reverse\">\n\t<div class=\"qodef-e-line-holder\">\n\t\t<span class=\"qodef-e-line\"><\/span>\n\t<\/div>\n\t<div class=\"qodef-e-item-inner\">\n\t\t<div class=\"qodef-e-point-holder\">\n\t\t\t<div class=\"qodef-e-point\">\n\t\t\t\t\t\t\t<\/div>\n\t\t<\/div>\n\t\t<div class=\"qodef-e-top-holder\">\n\t\t\t<div class=\"qodef-e-image\">\n\t<img loading=\"lazy\" decoding=\"async\" width=\"300\" height=\"203\" src=\"https:\/\/www.olcgs.org\/wp-content\/uploads\/2023\/11\/IMG_1713-768x519-1-300x203.jpg\" class=\"attachment-medium size-medium\" alt=\"\" srcset=\"https:\/\/www.olcgs.org\/wp-content\/uploads\/2023\/11\/IMG_1713-768x519-1-300x203.jpg 300w, https:\/\/www.olcgs.org\/wp-content\/uploads\/2023\/11\/IMG_1713-768x519-1.jpg 768w\" sizes=\"(max-width: 300px) 100vw, 300px\" \/><\/div>\n\t\t<\/div>\n\t\t<div class=\"qodef-e-content-holder\">\n\t\t\t\t<h6 class=\"qodef-e-title\">\n\t\tExample Title 3\t\t<\/h6>\n\t\t\t\t\t<p class=\"qodef-e-text\">\n\t\tLorem ipsum dolor sit amet, consectetur adipiscing elit. Mauris tempus nisl vitae magna pulvinar laoreet.\t<\/p>\n\t\t\t\t\t<div class=\"qodef-e-date\">\n\t\t1989\t<\/div>\n\t\t\t<\/div>\n\t<\/div>\n<\/div>\n<div class=\"qodef-e qodef-e-item qodef-grid-item elementor-repeater-item-281a65b qodef-obverse\">\n\t<div class=\"qodef-e-line-holder\">\n\t\t<span class=\"qodef-e-line\"><\/span>\n\t<\/div>\n\t<div class=\"qodef-e-item-inner\">\n\t\t<div class=\"qodef-e-point-holder\">\n\t\t\t<div class=\"qodef-e-point\">\n\t\t\t\t\t\t\t<\/div>\n\t\t<\/div>\n\t\t<div class=\"qodef-e-top-holder\">\n\t\t\t<div class=\"qodef-e-image\">\n\t<img loading=\"lazy\" decoding=\"async\" width=\"300\" height=\"225\" src=\"https:\/\/www.olcgs.org\/wp-content\/uploads\/2023\/12\/SAM_0074-300x225.jpg\" class=\"attachment-medium size-medium\" alt=\"\" srcset=\"https:\/\/www.olcgs.org\/wp-content\/uploads\/2023\/12\/SAM_0074-300x225.jpg 300w, https:\/\/www.olcgs.org\/wp-content\/uploads\/2023\/12\/SAM_0074-1024x768.jpg 1024w, https:\/\/www.olcgs.org\/wp-content\/uploads\/2023\/12\/SAM_0074-768x576.jpg 768w, https:\/\/www.olcgs.org\/wp-content\/uploads\/2023\/12\/SAM_0074-1536x1152.jpg 1536w, https:\/\/www.olcgs.org\/wp-content\/uploads\/2023\/12\/SAM_0074-2048x1536.jpg 2048w\" sizes=\"(max-width: 300px) 100vw, 300px\" \/><\/div>\n\t\t<\/div>\n\t\t<div class=\"qodef-e-content-holder\">\n\t\t\t\t<h6 class=\"qodef-e-title\">\n\t\tExample Title 3\t\t<\/h6>\n\t\t\t\t\t<p class=\"qodef-e-text\">\n\t\tLorem ipsum dolor sit amet, consectetur adipiscing elit. Mauris tempus nisl vitae magna pulvinar laoreet.\t<\/p>\n\t\t\t\t\t<div class=\"qodef-e-date\">\n\t\t1989\t<\/div>\n\t\t\t<\/div>\n\t<\/div>\n<\/div>\n\t<\/div>\n<\/div>\n\t\t\t\t<\/div>\n\t\t\t\t<\/div>\n\t\t\t\t<\/div>\n\t\t\t\t<\/div>","protected":false},"excerpt":{"rendered":"<p>Saint Mary Euphrasia Home A women ahead of her time St. Mary Euphrasia was born Rose Virginie Pelletier on the island of Noirmoutier, off the coast of France, on July 31, 1796. Her parents were imprisoned on the island during the French Revolution. She grew up in the turbulent aftermath of that revolution. Her father [&hellip;]<\/p>\n","protected":false},"author":1,"featured_media":0,"parent":3168,"menu_order":0,"comment_status":"closed","ping_status":"closed","template":"elementor_header_footer","meta":{"footnotes":""},"class_list":["post-2811","page","type-page","status-publish","hentry"],"_links":{"self":[{"href":"https:\/\/www.olcgs.org\/es\/wp-json\/wp\/v2\/pages\/2811","targetHints":{"allow":["GET"]}}],"collection":[{"href":"https:\/\/www.olcgs.org\/es\/wp-json\/wp\/v2\/pages"}],"about":[{"href":"https:\/\/www.olcgs.org\/es\/wp-json\/wp\/v2\/types\/page"}],"author":[{"embeddable":true,"href":"https:\/\/www.olcgs.org\/es\/wp-json\/wp\/v2\/users\/1"}],"replies":[{"embeddable":true,"href":"https:\/\/www.olcgs.org\/es\/wp-json\/wp\/v2\/comments?post=2811"}],"version-history":[{"count":98,"href":"https:\/\/www.olcgs.org\/es\/wp-json\/wp\/v2\/pages\/2811\/revisions"}],"predecessor-version":[{"id":7605,"href":"https:\/\/www.olcgs.org\/es\/wp-json\/wp\/v2\/pages\/2811\/revisions\/7605"}],"up":[{"embeddable":true,"href":"https:\/\/www.olcgs.org\/es\/wp-json\/wp\/v2\/pages\/3168"}],"wp:attachment":[{"href":"https:\/\/www.olcgs.org\/es\/wp-json\/wp\/v2\/media?parent=2811"}],"curies":[{"name":"wp","href":"https:\/\/api.w.org\/{rel}","templated":true}]}}