{"id":3137,"date":"2023-12-03T13:15:36","date_gmt":"2023-12-03T12:15:36","guid":{"rendered":"https:\/\/www.olcgs.org\/?page_id=3137"},"modified":"2024-04-06T12:57:19","modified_gmt":"2024-04-06T10:57:19","slug":"saint-john-eudes","status":"publish","type":"page","link":"https:\/\/www.olcgs.org\/es\/our-saints-and-blessed\/saint-john-eudes\/","title":{"rendered":"San Juan Eudes"},"content":{"rendered":"<div data-elementor-type=\"wp-page\" data-elementor-id=\"3137\" class=\"elementor elementor-3137\" data-elementor-post-type=\"page\">\n\t\t\t\t<div class=\"elementor-element elementor-element-91dbb51 e-flex e-con-boxed e-con e-parent\" data-id=\"91dbb51\" data-element_type=\"container\" data-e-type=\"container\" data-settings=\"{&quot;jet_parallax_layout_list&quot;:[],&quot;background_background&quot;:&quot;classic&quot;}\">\n\t\t\t\t\t<div class=\"e-con-inner\">\n\t\t\t\t<div class=\"elementor-element elementor-element-cdd2c86 elementor-invisible elementor-widget elementor-widget-heading\" data-id=\"cdd2c86\" data-element_type=\"widget\" data-e-type=\"widget\" data-settings=\"{&quot;_animation&quot;:&quot;fadeInDown&quot;}\" data-widget_type=\"heading.default\">\n\t\t\t\t<div class=\"elementor-widget-container\">\n\t\t\t\t\t<h2 class=\"elementor-heading-title elementor-size-default\">San Juan Eudes<\/h2>\t\t\t\t<\/div>\n\t\t\t\t<\/div>\n\t\t\t\t<div class=\"elementor-element elementor-element-19bf56e elementor-invisible elementor-widget elementor-widget-jet-breadcrumbs\" data-id=\"19bf56e\" data-element_type=\"widget\" data-e-type=\"widget\" data-settings=\"{&quot;_animation&quot;:&quot;fadeIn&quot;,&quot;_animation_delay&quot;:900}\" data-widget_type=\"jet-breadcrumbs.default\">\n\t\t\t\t<div class=\"elementor-widget-container\">\n\t\t\t\t\t<div class=\"elementor-jet-breadcrumbs jet-blocks\">\n\t\t<div class=\"jet-breadcrumbs\">\n\t\t<div class=\"jet-breadcrumbs__content\">\n\t\t<div class=\"jet-breadcrumbs__wrap\"><div class=\"jet-breadcrumbs__item\"><a href=\"https:\/\/www.olcgs.org\/es\/\" class=\"jet-breadcrumbs__item-link is-home\" rel=\"home\" title=\"Inicio\">Inicio<\/a><\/div>\n\t\t<\/div>\n\t\t<\/div>\n\t\t<\/div><\/div>\t\t\t\t<\/div>\n\t\t\t\t<\/div>\n\t\t\t\t\t<\/div>\n\t\t\t\t<\/div>\n\t\t<div class=\"elementor-element elementor-element-080b405 e-flex e-con-boxed elementor-invisible e-con e-parent\" data-id=\"080b405\" data-element_type=\"container\" data-e-type=\"container\" data-settings=\"{&quot;jet_parallax_layout_list&quot;:[],&quot;animation&quot;:&quot;fadeInUp&quot;}\">\n\t\t\t\t\t<div class=\"e-con-inner\">\n\t\t<div class=\"elementor-element elementor-element-f7a5aac e-con-full e-flex e-con e-child\" data-id=\"f7a5aac\" data-element_type=\"container\" data-e-type=\"container\" data-settings=\"{&quot;jet_parallax_layout_list&quot;:[]}\">\n\t\t\t\t<div class=\"elementor-element elementor-element-8740d41 elementor-widget elementor-widget-heading\" data-id=\"8740d41\" data-element_type=\"widget\" data-e-type=\"widget\" data-widget_type=\"heading.default\">\n\t\t\t\t<div class=\"elementor-widget-container\">\n\t\t\t\t\t<h2 class=\"elementor-heading-title elementor-size-default\">Sus primeros a\u00f1os<\/h2>\t\t\t\t<\/div>\n\t\t\t\t<\/div>\n\t\t\t\t<div class=\"elementor-element elementor-element-9f724f3 elementor-widget elementor-widget-text-editor\" data-id=\"9f724f3\" data-element_type=\"widget\" data-e-type=\"widget\" data-widget_type=\"text-editor.default\">\n\t\t\t\t<div class=\"elementor-widget-container\">\n\t\t\t\t\t\t\t\t\t<div class=\"page\" title=\"Page 3\"><div class=\"section\"><div class=\"layoutArea\"><div class=\"column\"><p>San Juan Eudes naci\u00f3 en una granja cercana al pueblo de Ri, en Normand\u00eda, Francia, el 14 de noviembre de 1601. A los 14 a\u00f1os ingres\u00f3 en el colegio de los Jesuitas de Caen. En 1623, a pesar del deseo de sus padres de que se casara, ingres\u00f3 en el Oratorio de Jes\u00fas y Mar\u00eda Inmaculada, conocido como Oratorio de B\u00e9rulle, y continu\u00f3 sus estudios en Par\u00eds. Dos a\u00f1os m\u00e1s tarde, a la edad de 24 a\u00f1os, fue ordenado sacerdote, tras lo cual pidi\u00f3 ir a atender a las v\u00edctimas de la peste, de las que se ocup\u00f3 poniendo en grave peligro su propia vida.<\/p><\/div><\/div><\/div><\/div>\t\t\t\t\t\t\t\t<\/div>\n\t\t\t\t<\/div>\n\t\t\t\t<div class=\"elementor-element elementor-element-10081b3 elementor-widget elementor-widget-heading\" data-id=\"10081b3\" data-element_type=\"widget\" data-e-type=\"widget\" data-widget_type=\"heading.default\">\n\t\t\t\t<div class=\"elementor-widget-container\">\n\t\t\t\t\t<h2 class=\"elementor-heading-title elementor-size-default\">Refugio para las mujeres<\/h2>\t\t\t\t<\/div>\n\t\t\t\t<\/div>\n\t\t\t\t<div class=\"elementor-element elementor-element-476bb7c elementor-widget elementor-widget-text-editor\" data-id=\"476bb7c\" data-element_type=\"widget\" data-e-type=\"widget\" data-widget_type=\"text-editor.default\">\n\t\t\t\t<div class=\"elementor-widget-container\">\n\t\t\t\t\t\t\t\t\t<p>A los 32 a\u00f1os, San Juan Eudes se convirti\u00f3 en misionero parroquial, adquiriendo fama de ser un predicador y confesor excepcional. Durante la d\u00e9cada siguiente, a trav\u00e9s de sus numerosas misiones en diversas partes de Francia, se sinti\u00f3 profundamente conmovido por la dif\u00edcil situaci\u00f3n de las mujeres en situaci\u00f3n de prostituci\u00f3n. Obligadas por la pobreza, muchas de ellas encontraban en la prostituci\u00f3n la \u00fanica forma de ganarse la vida para ellas y sus familias. Desafiado por una mujer, Madame Madeleine Lamy, a responder de forma proactiva a la situaci\u00f3n de estas mujeres, San Juan Eudes puso manos a la obra para establecer casas de acogida que les proporcionaran un refugio seguro y una oportunidad para liberarse de su dif\u00edcil situaci\u00f3n.<\/p><p class=\"translation-block\">En 1641, junto con personas de ideas afines, compr\u00f3 en Caen una casa adecuada para este fin que confi\u00f3 a algunas mujeres que deseaban compartir con \u00e9l este servicio de misericordia y caridad. Fue el comienzo de lo que se convertir\u00eda en Nuestra Se\u00f1ora de la Caridad del Refugio. Para dar testimonio de compasi\u00f3n y misericordia en un mundo plagado de explotaci\u00f3n y dolor, San Juan Eudes dio a las hermanas un cuarto voto de celo, adem\u00e1s de los de pobreza, castidad y obediencia. Este voto las impuls\u00f3 a esforzarse por permanecer comprometidas y fieles a la misi\u00f3n.<\/p><p>Se fundan otras casas de acogida a petici\u00f3n de los obispos y la obra de las hermanas se extiende m\u00e1s all\u00e1 de Caen. Cada comunidad es independiente, pero se mantiene en contacto con las dem\u00e1s, sobre todo con Caen.<\/p>\t\t\t\t\t\t\t\t<\/div>\n\t\t\t\t<\/div>\n\t\t\t\t<\/div>\n\t\t<div class=\"elementor-element elementor-element-81df597 e-con-full e-flex e-con e-child\" data-id=\"81df597\" data-element_type=\"container\" data-e-type=\"container\" data-settings=\"{&quot;jet_parallax_layout_list&quot;:[]}\">\n\t\t\t\t<div class=\"elementor-element elementor-element-d3b5568 elementor-widget elementor-widget-image\" data-id=\"d3b5568\" data-element_type=\"widget\" data-e-type=\"widget\" data-widget_type=\"image.default\">\n\t\t\t\t<div class=\"elementor-widget-container\">\n\t\t\t\t\t\t\t\t\t\t\t\t\t\t\t<img fetchpriority=\"high\" decoding=\"async\" width=\"436\" height=\"624\" src=\"https:\/\/www.olcgs.org\/wp-content\/uploads\/2023\/12\/JeanEudes.png\" class=\"attachment-large size-large wp-image-3140\" alt=\"\" srcset=\"https:\/\/www.olcgs.org\/wp-content\/uploads\/2023\/12\/JeanEudes.png 436w, https:\/\/www.olcgs.org\/wp-content\/uploads\/2023\/12\/JeanEudes-210x300.png 210w\" sizes=\"(max-width: 436px) 100vw, 436px\" \/>\t\t\t\t\t\t\t\t\t\t\t\t\t\t\t<\/div>\n\t\t\t\t<\/div>\n\t\t\t\t<\/div>\n\t\t\t\t\t<\/div>\n\t\t\t\t<\/div>\n\t\t<div class=\"elementor-element elementor-element-bc033a0 e-flex e-con-boxed e-con e-parent\" data-id=\"bc033a0\" data-element_type=\"container\" data-e-type=\"container\" data-settings=\"{&quot;jet_parallax_layout_list&quot;:[],&quot;background_background&quot;:&quot;classic&quot;}\">\n\t\t\t\t\t<div class=\"e-con-inner\">\n\t\t<div class=\"elementor-element elementor-element-3a73601 e-con-full e-flex e-con e-child\" data-id=\"3a73601\" data-element_type=\"container\" data-e-type=\"container\" data-settings=\"{&quot;jet_parallax_layout_list&quot;:[]}\">\n\t\t\t\t<div class=\"elementor-element elementor-element-ac30585 elementor-widget elementor-widget-heading\" data-id=\"ac30585\" data-element_type=\"widget\" data-e-type=\"widget\" data-widget_type=\"heading.default\">\n\t\t\t\t<div class=\"elementor-widget-container\">\n\t\t\t\t\t<h2 class=\"elementor-heading-title elementor-size-default\">Nuestra familia Eudista<\/h2>\t\t\t\t<\/div>\n\t\t\t\t<\/div>\n\t\t\t\t<div class=\"elementor-element elementor-element-9e8dec1 elementor-widget elementor-widget-text-editor\" data-id=\"9e8dec1\" data-element_type=\"widget\" data-e-type=\"widget\" data-widget_type=\"text-editor.default\">\n\t\t\t\t<div class=\"elementor-widget-container\">\n\t\t\t\t\t\t\t\t\t<p>San Juan Eudes no s\u00f3lo se preocup\u00f3 por los problemas sociales de su \u00e9poca, sino que tambi\u00e9n le inquietaba enormemente la necesidad de renovaci\u00f3n espiritual entre laicos y cl\u00e9rigos. En 1643 abandon\u00f3 el Oratorio Franc\u00e9s y fund\u00f3 la Congregaci\u00f3n de Jes\u00fas y Mar\u00eda para establecer seminarios y facilitar la formaci\u00f3n sacerdotal.<\/p><p>En una misi\u00f3n en 1648, San Juan Eudes celebr\u00f3 la primera misa en honor del Coraz\u00f3n de Mar\u00eda. En 1652 construy\u00f3 la primera iglesia bajo la advocaci\u00f3n del Inmaculado Coraz\u00f3n: la capilla de su seminario en Coutances, Francia.<\/p><p>Durante el proceso de su canonizaci\u00f3n, el Papa San P\u00edo XI le nombr\u00f3 \"padre, doctor y ap\u00f3stol de la devoci\u00f3n lit\u00fargica a los corazones de Jes\u00fas y Mar\u00eda.\"<\/p>\t\t\t\t\t\t\t\t<\/div>\n\t\t\t\t<\/div>\n\t\t\t\t<\/div>\n\t\t\t\t\t<\/div>\n\t\t\t\t<\/div>\n\t\t\t\t<\/div>","protected":false},"excerpt":{"rendered":"<p>Saint John Eudes Home His early years St. John Eudes was born on a farm close to the village of Ri in Normandy, France, on November 14, 1601. At the age of 14, he entered the Jesuit College at Caen. In 1623, despite the wish of his parents for him to marry, he joined the [&hellip;]<\/p>\n","protected":false},"author":1,"featured_media":0,"parent":3168,"menu_order":0,"comment_status":"closed","ping_status":"closed","template":"elementor_header_footer","meta":{"footnotes":""},"class_list":["post-3137","page","type-page","status-publish","hentry"],"_links":{"self":[{"href":"https:\/\/www.olcgs.org\/es\/wp-json\/wp\/v2\/pages\/3137","targetHints":{"allow":["GET"]}}],"collection":[{"href":"https:\/\/www.olcgs.org\/es\/wp-json\/wp\/v2\/pages"}],"about":[{"href":"https:\/\/www.olcgs.org\/es\/wp-json\/wp\/v2\/types\/page"}],"author":[{"embeddable":true,"href":"https:\/\/www.olcgs.org\/es\/wp-json\/wp\/v2\/users\/1"}],"replies":[{"embeddable":true,"href":"https:\/\/www.olcgs.org\/es\/wp-json\/wp\/v2\/comments?post=3137"}],"version-history":[{"count":41,"href":"https:\/\/www.olcgs.org\/es\/wp-json\/wp\/v2\/pages\/3137\/revisions"}],"predecessor-version":[{"id":7602,"href":"https:\/\/www.olcgs.org\/es\/wp-json\/wp\/v2\/pages\/3137\/revisions\/7602"}],"up":[{"embeddable":true,"href":"https:\/\/www.olcgs.org\/es\/wp-json\/wp\/v2\/pages\/3168"}],"wp:attachment":[{"href":"https:\/\/www.olcgs.org\/es\/wp-json\/wp\/v2\/media?parent=3137"}],"curies":[{"name":"wp","href":"https:\/\/api.w.org\/{rel}","templated":true}]}}