{"id":8587,"date":"2024-04-23T11:48:40","date_gmt":"2024-04-23T09:48:40","guid":{"rendered":"https:\/\/www.olcgs.org\/?page_id=8587"},"modified":"2024-04-26T12:58:50","modified_gmt":"2024-04-26T10:58:50","slug":"welcome-message","status":"publish","type":"page","link":"https:\/\/www.olcgs.org\/es\/welcome-message\/","title":{"rendered":"Welcome message"},"content":{"rendered":"<div data-elementor-type=\"wp-page\" data-elementor-id=\"8587\" class=\"elementor elementor-8587\" data-elementor-post-type=\"page\">\n\t\t\t\t<div class=\"elementor-element elementor-element-989b0c8 e-flex e-con-boxed e-con e-parent\" data-id=\"989b0c8\" data-element_type=\"container\" data-e-type=\"container\" data-settings=\"{&quot;jet_parallax_layout_list&quot;:[],&quot;background_background&quot;:&quot;classic&quot;}\">\n\t\t\t\t\t<div class=\"e-con-inner\">\n\t\t\t\t<div class=\"elementor-element elementor-element-7573498 elementor-widget__width-initial elementor-widget-mobile__width-initial elementor-invisible elementor-widget elementor-widget-heading\" data-id=\"7573498\" data-element_type=\"widget\" data-e-type=\"widget\" data-settings=\"{&quot;_animation&quot;:&quot;fadeInDown&quot;}\" data-widget_type=\"heading.default\">\n\t\t\t\t<div class=\"elementor-widget-container\">\n\t\t\t\t\t<h2 class=\"elementor-heading-title elementor-size-default\">Mensajes del Generalato para el lanzamiento del nuevo sitio web<\/h2>\t\t\t\t<\/div>\n\t\t\t\t<\/div>\n\t\t\t\t<div class=\"elementor-element elementor-element-45a0c35 elementor-invisible elementor-widget elementor-widget-jet-breadcrumbs\" data-id=\"45a0c35\" data-element_type=\"widget\" data-e-type=\"widget\" data-settings=\"{&quot;_animation&quot;:&quot;fadeIn&quot;,&quot;_animation_delay&quot;:900}\" data-widget_type=\"jet-breadcrumbs.default\">\n\t\t\t\t<div class=\"elementor-widget-container\">\n\t\t\t\t\t<div class=\"elementor-jet-breadcrumbs jet-blocks\">\n\t\t<div class=\"jet-breadcrumbs\">\n\t\t<div class=\"jet-breadcrumbs__content\">\n\t\t<div class=\"jet-breadcrumbs__wrap\"><div class=\"jet-breadcrumbs__item\"><a href=\"https:\/\/www.olcgs.org\/es\/\" class=\"jet-breadcrumbs__item-link is-home\" rel=\"home\" title=\"Inicio\">Inicio<\/a><\/div>\n\t\t<\/div>\n\t\t<\/div>\n\t\t<\/div><\/div>\t\t\t\t<\/div>\n\t\t\t\t<\/div>\n\t\t\t\t\t<\/div>\n\t\t\t\t<\/div>\n\t\t<div class=\"elementor-element elementor-element-7c3d14a e-flex e-con-boxed e-con e-parent\" data-id=\"7c3d14a\" data-element_type=\"container\" data-e-type=\"container\" data-settings=\"{&quot;jet_parallax_layout_list&quot;:[]}\">\n\t\t\t\t\t<div class=\"e-con-inner\">\n\t\t\t\t<div class=\"elementor-element elementor-element-3fdd2c5 elementor-widget__width-initial elementor-widget-tablet__width-initial elementor-widget elementor-widget-heading\" data-id=\"3fdd2c5\" data-element_type=\"widget\" data-e-type=\"widget\" data-widget_type=\"heading.default\">\n\t\t\t\t<div class=\"elementor-widget-container\">\n\t\t\t\t\t<h2 class=\"elementor-heading-title elementor-size-default\">Mensaje de Joan Lopez, Animadora Congregacional<\/h2>\t\t\t\t<\/div>\n\t\t\t\t<\/div>\n\t\t<div class=\"elementor-element elementor-element-0c80ba9 e-flex e-con-boxed e-con e-child\" data-id=\"0c80ba9\" data-element_type=\"container\" data-e-type=\"container\" data-settings=\"{&quot;jet_parallax_layout_list&quot;:[]}\">\n\t\t\t\t\t<div class=\"e-con-inner\">\n\t\t<div class=\"elementor-element elementor-element-b8ed84e e-flex e-con-boxed e-con e-child\" data-id=\"b8ed84e\" data-element_type=\"container\" data-e-type=\"container\" data-settings=\"{&quot;jet_parallax_layout_list&quot;:[]}\">\n\t\t\t\t\t<div class=\"e-con-inner\">\n\t\t\t\t<div class=\"elementor-element elementor-element-ed24d08 elementor-widget elementor-widget-text-editor\" data-id=\"ed24d08\" data-element_type=\"widget\" data-e-type=\"widget\" data-widget_type=\"text-editor.default\">\n\t\t\t\t<div class=\"elementor-widget-container\">\n\t\t\t\t\t\t\t\t\t<p>Queridas hermanas, partners laicas\/os en la misi\u00f3n y amigas\/os:<\/p><p class=\"translation-block\">\u00a1Los miembros del Equipo de Liderazgo de la Congregaci\u00f3n les deseamos una feliz y bendecida fiesta de Santa Mar\u00eda Eufrasia!  Tenemos el placer de anunciarles el tan esperado <strong><em>lanzamiento del nuevo sitio web de nuestra congregaci\u00f3n<\/em><\/strong>, que ya est\u00e1 activo.<\/p><p>Les damos una c\u00e1lida bienvenida a cada una\/o de ustedes para explorar nuestro sitio web renovado, fruto de los esfuerzos diligentes y la dedicaci\u00f3n constante de la Oficina de Comunicaciones de la Congregaci\u00f3n y del Departamento de Comunicaci\u00f3n de GSIF.<\/p><p>Nuestro m\u00e1s sincero agradecimiento a Liam Quinn, nuestro Responsable de la Oficina de Comunicaciones, Hna. Dale Saavedra, Coordinadora de la Oficina de Comunicaciones, Giuseppe Ragone y Sara Braga de las Comunicaciones de GSIF, a Marco Grottesi del Departamento de inform\u00e1tica, Hna. Yvette Arnold, Hna. Fran\u00e7oise Mestry y a muchas otras personas cuyas contribuciones han sido fundamentales para la realizaci\u00f3n de este sitio web.<\/p><p>Les invitamos a participar activamente en el sitio web, compartiendo sus ideas, historias y reflexiones sobre sus caminos sinodales y experiencias misioneras. Aprovechemos el poder de la tecnolog\u00eda para amplificar nuestras voces, fomentar un di\u00e1logo constructivo y hacer avanzar nuestro amor compartido por la misi\u00f3n.<\/p><p>Utilicemos todo el potencial que nos ofrece una comunicaci\u00f3n eficaz para difundir la esperanza, inspirar el cambio y hacer crecer la misi\u00f3n de nuestra congregaci\u00f3n en el mundo. Que cada clic e interacci\u00f3n transformen nuestro sitio web en un faro de amor y solidaridad.<\/p>\t\t\t\t\t\t\t\t<\/div>\n\t\t\t\t<\/div>\n\t\t<div class=\"elementor-element elementor-element-b3fe1db e-flex e-con-boxed e-con e-child\" data-id=\"b3fe1db\" data-element_type=\"container\" data-e-type=\"container\" data-settings=\"{&quot;jet_parallax_layout_list&quot;:[]}\">\n\t\t\t\t\t<div class=\"e-con-inner\">\n\t\t<div class=\"elementor-element elementor-element-912945c e-con-full elementor-hidden-mobile e-flex e-con e-child\" data-id=\"912945c\" data-element_type=\"container\" data-e-type=\"container\" data-settings=\"{&quot;jet_parallax_layout_list&quot;:[]}\">\n\t\t\t\t<\/div>\n\t\t<div class=\"elementor-element elementor-element-4c449fd e-con-full e-flex e-con e-child\" data-id=\"4c449fd\" data-element_type=\"container\" data-e-type=\"container\" data-settings=\"{&quot;jet_parallax_layout_list&quot;:[]}\">\n\t\t\t\t<div class=\"elementor-element elementor-element-39448be elementor-widget elementor-widget-text-editor\" data-id=\"39448be\" data-element_type=\"widget\" data-e-type=\"widget\" data-widget_type=\"text-editor.default\">\n\t\t\t\t<div class=\"elementor-widget-container\">\n\t\t\t\t\t\t\t\t\t<p>Bendiciones,\u00a0<\/p>\t\t\t\t\t\t\t\t<\/div>\n\t\t\t\t<\/div>\n\t\t\t\t<div class=\"elementor-element elementor-element-0e59b56 elementor-widget elementor-widget-heading\" data-id=\"0e59b56\" data-element_type=\"widget\" data-e-type=\"widget\" data-widget_type=\"heading.default\">\n\t\t\t\t<div class=\"elementor-widget-container\">\n\t\t\t\t\t<h1 class=\"elementor-heading-title elementor-size-default\">Joan Lopez<\/h1>\t\t\t\t<\/div>\n\t\t\t\t<\/div>\n\t\t\t\t<div class=\"elementor-element elementor-element-be34ad7 elementor-widget elementor-widget-text-editor\" data-id=\"be34ad7\" data-element_type=\"widget\" data-e-type=\"widget\" data-widget_type=\"text-editor.default\">\n\t\t\t\t<div class=\"elementor-widget-container\">\n\t\t\t\t\t\t\t\t\t<p>Animadora Congregacional<\/p>\t\t\t\t\t\t\t\t<\/div>\n\t\t\t\t<\/div>\n\t\t\t\t<\/div>\n\t\t\t\t\t<\/div>\n\t\t\t\t<\/div>\n\t\t\t\t\t<\/div>\n\t\t\t\t<\/div>\n\t\t<div class=\"elementor-element elementor-element-db6c8dd e-con-full e-flex e-con e-child\" data-id=\"db6c8dd\" data-element_type=\"container\" data-e-type=\"container\" data-settings=\"{&quot;background_background&quot;:&quot;classic&quot;,&quot;jet_parallax_layout_list&quot;:[]}\">\n\t\t\t\t<div class=\"elementor-element elementor-element-15034f8 elementor-widget__width-initial elementor-widget elementor-widget-image\" data-id=\"15034f8\" data-element_type=\"widget\" data-e-type=\"widget\" data-widget_type=\"image.default\">\n\t\t\t\t<div class=\"elementor-widget-container\">\n\t\t\t\t\t\t\t\t\t\t\t\t\t\t\t<img fetchpriority=\"high\" decoding=\"async\" width=\"800\" height=\"944\" src=\"https:\/\/www.olcgs.org\/wp-content\/uploads\/2024\/04\/joan-1-868x1024.jpeg\" class=\"attachment-large size-large wp-image-8878\" alt=\"\" srcset=\"https:\/\/www.olcgs.org\/wp-content\/uploads\/2024\/04\/joan-1-868x1024.jpeg 868w, https:\/\/www.olcgs.org\/wp-content\/uploads\/2024\/04\/joan-1-254x300.jpeg 254w, https:\/\/www.olcgs.org\/wp-content\/uploads\/2024\/04\/joan-1-768x906.jpeg 768w, https:\/\/www.olcgs.org\/wp-content\/uploads\/2024\/04\/joan-1-1302x1536.jpeg 1302w, https:\/\/www.olcgs.org\/wp-content\/uploads\/2024\/04\/joan-1-10x12.jpeg 10w, https:\/\/www.olcgs.org\/wp-content\/uploads\/2024\/04\/joan-1.jpeg 1695w\" sizes=\"(max-width: 800px) 100vw, 800px\" \/>\t\t\t\t\t\t\t\t\t\t\t\t\t\t\t<\/div>\n\t\t\t\t<\/div>\n\t\t\t\t<\/div>\n\t\t\t\t\t<\/div>\n\t\t\t\t<\/div>\n\t\t\t\t\t<\/div>\n\t\t\t\t<\/div>\n\t\t<div class=\"elementor-element elementor-element-00d46a4 e-flex e-con-boxed e-con e-parent\" data-id=\"00d46a4\" data-element_type=\"container\" data-e-type=\"container\" data-settings=\"{&quot;jet_parallax_layout_list&quot;:[]}\">\n\t\t\t\t\t<div class=\"e-con-inner\">\n\t\t\t\t<div class=\"elementor-element elementor-element-ba4cace elementor-widget__width-initial elementor-widget-tablet__width-initial elementor-widget elementor-widget-heading\" data-id=\"ba4cace\" data-element_type=\"widget\" data-e-type=\"widget\" data-widget_type=\"heading.default\">\n\t\t\t\t<div class=\"elementor-widget-container\">\n\t\t\t\t\t<h2 class=\"elementor-heading-title elementor-size-default\">Mensaje de Liam Michael Quinn, Responsable de Comunicaciones<\/h2>\t\t\t\t<\/div>\n\t\t\t\t<\/div>\n\t\t<div class=\"elementor-element elementor-element-4237b7f e-flex e-con-boxed e-con e-child\" data-id=\"4237b7f\" data-element_type=\"container\" data-e-type=\"container\" data-settings=\"{&quot;jet_parallax_layout_list&quot;:[]}\">\n\t\t\t\t\t<div class=\"e-con-inner\">\n\t\t<div class=\"elementor-element elementor-element-3af5063 e-flex e-con-boxed e-con e-child\" data-id=\"3af5063\" data-element_type=\"container\" data-e-type=\"container\" data-settings=\"{&quot;jet_parallax_layout_list&quot;:[]}\">\n\t\t\t\t\t<div class=\"e-con-inner\">\n\t\t\t\t<div class=\"elementor-element elementor-element-e0882ad elementor-widget elementor-widget-text-editor\" data-id=\"e0882ad\" data-element_type=\"widget\" data-e-type=\"widget\" data-widget_type=\"text-editor.default\">\n\t\t\t\t<div class=\"elementor-widget-container\">\n\t\t\t\t\t\t\t\t\t<p>Queridas hermanas, partners laicas\/os en la misi\u00f3n y amigas\/os:<\/p><p>Hoy, en la fiesta de Santa Mar\u00eda Eufrasia, la Oficina de Comunicaciones tiene el placer de compartir con ustedes el <strong>nuevo sitio web<\/strong> de Nuestra Se\u00f1ora de la Caridad del Buen Pastor. La publicaci\u00f3n del nuevo sitio web sigue al lanzamiento, a principios de este a\u00f1o, del nuevo <a href=\"https:\/\/www.olcgs.org\/es\/newsletter\/\"><strong>bolet\u00edn electr\u00f3nico<\/strong><\/a>, y <strong>medios sociales<\/strong> .<\/p><p class=\"translation-block\">The Communications Office is grateful for the support offered by <a href=\"https:\/\/www.gsif.it\/\" target=\"_blank\" rel=\"noopener\">Good Shepherd International Foundation<\/a> in the development of this website and to all the Congregational Offices who engaged with us to create what has been achieved.<\/p><p class=\"translation-block\">A medida que avanzamos hacia una nueva era de la comunicaci\u00f3n para la Congregaci\u00f3n, esperamos fortalecer nuestra colaboraci\u00f3n con las personas encargadas de las comunicaciones en las Unidades, las Oficinas Congregacionales y Good Shepherd International Foundation en la b\u00fasqueda de formas nuevas y creativas que hagan de la Oficina de Comunicaciones un centro de las actividades de comunicaci\u00f3n en toda la Congregaci\u00f3n y m\u00e1s all\u00e1.<\/p><p>Esperamos que, a medida que el sitio web evolucione, se convierta en el coraz\u00f3n palpitante de las actividades de la Congregaci\u00f3n y en un centro de informaci\u00f3n y recursos donde sea posible leer, ver y escuchar historias sobre todos los aspectos de nuestras vidas, misiones y apostolados.<\/p>\t\t\t\t\t\t\t\t<\/div>\n\t\t\t\t<\/div>\n\t\t<div class=\"elementor-element elementor-element-b198921 e-flex e-con-boxed e-con e-child\" data-id=\"b198921\" data-element_type=\"container\" data-e-type=\"container\" data-settings=\"{&quot;jet_parallax_layout_list&quot;:[]}\">\n\t\t\t\t\t<div class=\"e-con-inner\">\n\t\t<div class=\"elementor-element elementor-element-7accfd6 e-con-full elementor-hidden-mobile e-flex e-con e-child\" data-id=\"7accfd6\" data-element_type=\"container\" data-e-type=\"container\" data-settings=\"{&quot;jet_parallax_layout_list&quot;:[]}\">\n\t\t\t\t<\/div>\n\t\t<div class=\"elementor-element elementor-element-5218833 e-con-full e-flex e-con e-child\" data-id=\"5218833\" data-element_type=\"container\" data-e-type=\"container\" data-settings=\"{&quot;jet_parallax_layout_list&quot;:[]}\">\n\t\t\t\t<div class=\"elementor-element elementor-element-2feafc0 elementor-widget elementor-widget-text-editor\" data-id=\"2feafc0\" data-element_type=\"widget\" data-e-type=\"widget\" data-widget_type=\"text-editor.default\">\n\t\t\t\t<div class=\"elementor-widget-container\">\n\t\t\t\t\t\t\t\t\t<p>Unidos\/as en la Misi\u00f3n,\u00a0<\/p>\t\t\t\t\t\t\t\t<\/div>\n\t\t\t\t<\/div>\n\t\t\t\t<div class=\"elementor-element elementor-element-7569f21 elementor-widget elementor-widget-heading\" data-id=\"7569f21\" data-element_type=\"widget\" data-e-type=\"widget\" data-widget_type=\"heading.default\">\n\t\t\t\t<div class=\"elementor-widget-container\">\n\t\t\t\t\t<h1 class=\"elementor-heading-title elementor-size-default\">Liam Michael Quinn<\/h1>\t\t\t\t<\/div>\n\t\t\t\t<\/div>\n\t\t\t\t<div class=\"elementor-element elementor-element-52f7e81 elementor-widget elementor-widget-text-editor\" data-id=\"52f7e81\" data-element_type=\"widget\" data-e-type=\"widget\" data-widget_type=\"text-editor.default\">\n\t\t\t\t<div class=\"elementor-widget-container\">\n\t\t\t\t\t\t\t\t\t<p>Responsable de Comunicaciones<\/p>\t\t\t\t\t\t\t\t<\/div>\n\t\t\t\t<\/div>\n\t\t\t\t<\/div>\n\t\t\t\t\t<\/div>\n\t\t\t\t<\/div>\n\t\t\t\t\t<\/div>\n\t\t\t\t<\/div>\n\t\t<div class=\"elementor-element elementor-element-972d8ad e-con-full e-flex e-con e-child\" data-id=\"972d8ad\" data-element_type=\"container\" data-e-type=\"container\" data-settings=\"{&quot;background_background&quot;:&quot;classic&quot;,&quot;jet_parallax_layout_list&quot;:[]}\">\n\t\t\t\t<div class=\"elementor-element elementor-element-b53146c elementor-widget__width-initial elementor-widget elementor-widget-image\" data-id=\"b53146c\" data-element_type=\"widget\" data-e-type=\"widget\" data-widget_type=\"image.default\">\n\t\t\t\t<div class=\"elementor-widget-container\">\n\t\t\t\t\t\t\t\t\t\t\t\t\t\t\t<img decoding=\"async\" width=\"309\" height=\"418\" src=\"https:\/\/www.olcgs.org\/wp-content\/uploads\/2024\/04\/LMQ.png\" class=\"attachment-large size-large wp-image-8899\" alt=\"\" srcset=\"https:\/\/www.olcgs.org\/wp-content\/uploads\/2024\/04\/LMQ.png 309w, https:\/\/www.olcgs.org\/wp-content\/uploads\/2024\/04\/LMQ-222x300.png 222w, https:\/\/www.olcgs.org\/wp-content\/uploads\/2024\/04\/LMQ-9x12.png 9w\" sizes=\"(max-width: 309px) 100vw, 309px\" \/>\t\t\t\t\t\t\t\t\t\t\t\t\t\t\t<\/div>\n\t\t\t\t<\/div>\n\t\t\t\t<div class=\"elementor-element elementor-element-7d3adfe elementor-widget elementor-widget-button\" data-id=\"7d3adfe\" data-element_type=\"widget\" data-e-type=\"widget\" data-widget_type=\"button.default\">\n\t\t\t\t<div class=\"elementor-widget-container\">\n\t\t\t\t\t\t\t\t\t<div class=\"elementor-button-wrapper\">\n\t\t\t\t\t<a class=\"elementor-button elementor-button-link elementor-size-xs\" href=\"#elementor-action%3Aaction%3Dlightbox%26settings%3DeyJ0eXBlIjoidmlkZW8iLCJ2aWRlb1R5cGUiOiJ2aW1lbyIsInVybCI6Imh0dHBzOlwvXC9wbGF5ZXIudmltZW8uY29tXC92aWRlb1wvOTM4NjA3NjczP2g9NmQ3YWUxZjg2MSN0PSJ9\">\n\t\t\t\t\t\t<span class=\"elementor-button-content-wrapper\">\n\t\t\t\t\t\t\t\t\t<span class=\"elementor-button-text\">V\u00eddeo de bienvenida<\/span>\n\t\t\t\t\t<\/span>\n\t\t\t\t\t<\/a>\n\t\t\t\t<\/div>\n\t\t\t\t\t\t\t\t<\/div>\n\t\t\t\t<\/div>\n\t\t\t\t<\/div>\n\t\t\t\t\t<\/div>\n\t\t\t\t<\/div>\n\t\t\t\t\t<\/div>\n\t\t\t\t<\/div>\n\t\t\t\t<\/div>","protected":false},"excerpt":{"rendered":"<p>Messages from the Generalate on the launch of the new website Home Message from Sr Joan Lopez, Congregational Leader Dear Sisters, Partners-in-Mission and Friends, We the Congregational Leadership Team wish you a\u00a0 most blessed and happy feast of Saint Mary Euphrasia!\u00a0 I am delighted to announce the much-awaited launch of our congregation&#8217;s new website, which [&hellip;]<\/p>\n","protected":false},"author":1,"featured_media":0,"parent":0,"menu_order":0,"comment_status":"closed","ping_status":"closed","template":"elementor_header_footer","meta":{"footnotes":""},"class_list":["post-8587","page","type-page","status-publish","hentry"],"_links":{"self":[{"href":"https:\/\/www.olcgs.org\/es\/wp-json\/wp\/v2\/pages\/8587","targetHints":{"allow":["GET"]}}],"collection":[{"href":"https:\/\/www.olcgs.org\/es\/wp-json\/wp\/v2\/pages"}],"about":[{"href":"https:\/\/www.olcgs.org\/es\/wp-json\/wp\/v2\/types\/page"}],"author":[{"embeddable":true,"href":"https:\/\/www.olcgs.org\/es\/wp-json\/wp\/v2\/users\/1"}],"replies":[{"embeddable":true,"href":"https:\/\/www.olcgs.org\/es\/wp-json\/wp\/v2\/comments?post=8587"}],"version-history":[{"count":123,"href":"https:\/\/www.olcgs.org\/es\/wp-json\/wp\/v2\/pages\/8587\/revisions"}],"predecessor-version":[{"id":8913,"href":"https:\/\/www.olcgs.org\/es\/wp-json\/wp\/v2\/pages\/8587\/revisions\/8913"}],"wp:attachment":[{"href":"https:\/\/www.olcgs.org\/es\/wp-json\/wp\/v2\/media?parent=8587"}],"curies":[{"name":"wp","href":"https:\/\/api.w.org\/{rel}","templated":true}]}}