{"id":2811,"date":"2023-11-21T23:17:13","date_gmt":"2023-11-21T22:17:13","guid":{"rendered":"https:\/\/www.olcgs.org\/?page_id=2811"},"modified":"2024-04-06T12:58:38","modified_gmt":"2024-04-06T10:58:38","slug":"st-mary-euphrasia","status":"publish","type":"page","link":"https:\/\/www.olcgs.org\/fr\/our-saints-and-blessed\/st-mary-euphrasia\/","title":{"rendered":"Ste Marie-Euphrasie"},"content":{"rendered":"<div data-elementor-type=\"wp-page\" data-elementor-id=\"2811\" class=\"elementor elementor-2811\" data-elementor-post-type=\"page\">\n\t\t\t\t<div class=\"elementor-element elementor-element-91dbb51 e-flex e-con-boxed e-con e-parent\" data-id=\"91dbb51\" data-element_type=\"container\" data-e-type=\"container\" data-settings=\"{&quot;jet_parallax_layout_list&quot;:[],&quot;background_background&quot;:&quot;classic&quot;}\">\n\t\t\t\t\t<div class=\"e-con-inner\">\n\t\t\t\t<div class=\"elementor-element elementor-element-cdd2c86 elementor-invisible elementor-widget elementor-widget-heading\" data-id=\"cdd2c86\" data-element_type=\"widget\" data-e-type=\"widget\" data-settings=\"{&quot;_animation&quot;:&quot;fadeInDown&quot;}\" data-widget_type=\"heading.default\">\n\t\t\t\t<div class=\"elementor-widget-container\">\n\t\t\t\t\t<h2 class=\"elementor-heading-title elementor-size-default\">Sainte Marie Euphrasie<\/h2>\t\t\t\t<\/div>\n\t\t\t\t<\/div>\n\t\t\t\t<div class=\"elementor-element elementor-element-19bf56e elementor-invisible elementor-widget elementor-widget-jet-breadcrumbs\" data-id=\"19bf56e\" data-element_type=\"widget\" data-e-type=\"widget\" data-settings=\"{&quot;_animation&quot;:&quot;fadeIn&quot;,&quot;_animation_delay&quot;:900}\" data-widget_type=\"jet-breadcrumbs.default\">\n\t\t\t\t<div class=\"elementor-widget-container\">\n\t\t\t\t\t<div class=\"elementor-jet-breadcrumbs jet-blocks\">\n\t\t<div class=\"jet-breadcrumbs\">\n\t\t<div class=\"jet-breadcrumbs__content\">\n\t\t<div class=\"jet-breadcrumbs__wrap\"><div class=\"jet-breadcrumbs__item\"><a href=\"https:\/\/www.olcgs.org\/fr\/\" class=\"jet-breadcrumbs__item-link is-home\" rel=\"home\" title=\"Accueil\">Accueil<\/a><\/div>\n\t\t<\/div>\n\t\t<\/div>\n\t\t<\/div><\/div>\t\t\t\t<\/div>\n\t\t\t\t<\/div>\n\t\t\t\t\t<\/div>\n\t\t\t\t<\/div>\n\t\t<div class=\"elementor-element elementor-element-080b405 e-flex e-con-boxed elementor-invisible e-con e-parent\" data-id=\"080b405\" data-element_type=\"container\" data-e-type=\"container\" data-settings=\"{&quot;jet_parallax_layout_list&quot;:[],&quot;animation&quot;:&quot;fadeInUp&quot;}\">\n\t\t\t\t\t<div class=\"e-con-inner\">\n\t\t<div class=\"elementor-element elementor-element-f7a5aac e-con-full e-flex e-con e-child\" data-id=\"f7a5aac\" data-element_type=\"container\" data-e-type=\"container\" data-settings=\"{&quot;jet_parallax_layout_list&quot;:[]}\">\n\t\t\t\t<div class=\"elementor-element elementor-element-f6eed42 elementor-widget elementor-widget-heading\" data-id=\"f6eed42\" data-element_type=\"widget\" data-e-type=\"widget\" data-widget_type=\"heading.default\">\n\t\t\t\t<div class=\"elementor-widget-container\">\n\t\t\t\t\t<h2 class=\"elementor-heading-title elementor-size-default\">Une femme en avance sur son temps<\/h2>\t\t\t\t<\/div>\n\t\t\t\t<\/div>\n\t\t\t\t<div class=\"elementor-element elementor-element-9f724f3 elementor-widget-laptop__width-initial elementor-widget elementor-widget-text-editor\" data-id=\"9f724f3\" data-element_type=\"widget\" data-e-type=\"widget\" data-widget_type=\"text-editor.default\">\n\t\t\t\t<div class=\"elementor-widget-container\">\n\t\t\t\t\t\t\t\t\t<div class=\"page\" title=\"Page 3\"><div class=\"section\"><div class=\"layoutArea\"><div class=\"column\"><p>Sainte Marie-Euphrasie est n\u00e9e Rose Virginie Pelletier sur l'\u00eele de Noirmoutier, au large des c\u00f4tes fran\u00e7aises, le 31 juillet 1796. Ses parents ont \u00e9t\u00e9 emprisonn\u00e9s sur l'\u00eele pendant la R\u00e9volution fran\u00e7aise. Elle grandit dans les turbulences qui ont suivi cette r\u00e9volution. Son p\u00e8re, m\u00e9decin, soignait les autres habitants de l'\u00eele ainsi que leurs ravisseurs. Sa m\u00e8re nourrissait les affam\u00e9s et soignait les malades. Ainsi, jeune fille, sainte Marie-Euphrasie a vu que la foi s'exprime dans l'action. Plus tard, elle conseillera ses novices concernant celles dont elles ont la garde : \u00ab Il ne suffit pas que vous les aimiez, il faut qu'elles sachent que vous les aimez. \u00bb<\/p><p>Adolescente, Sainte Marie-Euphrasie a \u00e9t\u00e9 mise en internat \u00e0 Tours, en France, et a connu les S\u0153urs de Notre-Dame de Charit\u00e9 du Refuge qui r\u00e9sidaient \u00e0 proximit\u00e9. Cet Ordre avait \u00e9t\u00e9 fond\u00e9 par saint Jean Eudes en 1641. Elle \u00e9tait particuli\u00e8rement attir\u00e9e par la mission de ces s\u0153urs qui s'occupaient de jeunes filles et de femmes en situation difficile. Certaines filles, abandonn\u00e9es par leurs familles ou devenues orphelines, d'autres contraintes \u00e0 se prostituer pour survivre. Les s\u0153urs leur donnent un abri, de la nourriture, une formation professionnelle et une opportunit\u00e9 de changer de vie. Sainte Marie-Euphrasie entre dans la Congr\u00e9gation Notre-Dame de Charit\u00e9 du Refuge de Tours \u00e0 l'\u00e2ge de 18 ans et re\u00e7oit le nom religieux de Marie-Euphrasie.<\/p><\/div><\/div><\/div><\/div>\t\t\t\t\t\t\t\t<\/div>\n\t\t\t\t<\/div>\n\t\t\t\t<\/div>\n\t\t<div class=\"elementor-element elementor-element-81df597 e-con-full e-flex e-con e-child\" data-id=\"81df597\" data-element_type=\"container\" data-e-type=\"container\" data-settings=\"{&quot;jet_parallax_layout_list&quot;:[]}\">\n\t\t\t\t<div class=\"elementor-element elementor-element-d3b5568 elementor-widget elementor-widget-image\" data-id=\"d3b5568\" data-element_type=\"widget\" data-e-type=\"widget\" data-widget_type=\"image.default\">\n\t\t\t\t<div class=\"elementor-widget-container\">\n\t\t\t\t\t\t\t\t\t\t\t\t\t\t\t<img fetchpriority=\"high\" decoding=\"async\" width=\"800\" height=\"993\" src=\"https:\/\/www.olcgs.org\/wp-content\/uploads\/2023\/12\/Mary-Euphrasia-Pelletier.jpg\" class=\"attachment-large size-large wp-image-3334\" alt=\"\" srcset=\"https:\/\/www.olcgs.org\/wp-content\/uploads\/2023\/12\/Mary-Euphrasia-Pelletier.jpg 800w, https:\/\/www.olcgs.org\/wp-content\/uploads\/2023\/12\/Mary-Euphrasia-Pelletier-242x300.jpg 242w, https:\/\/www.olcgs.org\/wp-content\/uploads\/2023\/12\/Mary-Euphrasia-Pelletier-768x953.jpg 768w\" sizes=\"(max-width: 800px) 100vw, 800px\" \/>\t\t\t\t\t\t\t\t\t\t\t\t\t\t\t<\/div>\n\t\t\t\t<\/div>\n\t\t\t\t<\/div>\n\t\t\t\t\t<\/div>\n\t\t\t\t<\/div>\n\t\t<div class=\"elementor-element elementor-element-bbc1c2d e-flex e-con-boxed elementor-invisible e-con e-parent\" data-id=\"bbc1c2d\" data-element_type=\"container\" data-e-type=\"container\" data-settings=\"{&quot;jet_parallax_layout_list&quot;:[],&quot;animation&quot;:&quot;fadeInUp&quot;}\">\n\t\t\t\t\t<div class=\"e-con-inner\">\n\t\t<div class=\"elementor-element elementor-element-1954604 e-con-full e-flex e-con e-child\" data-id=\"1954604\" data-element_type=\"container\" data-e-type=\"container\" data-settings=\"{&quot;jet_parallax_layout_list&quot;:[]}\">\n\t\t\t\t<div class=\"elementor-element elementor-element-7317a32 elementor-widget elementor-widget-heading\" data-id=\"7317a32\" data-element_type=\"widget\" data-e-type=\"widget\" data-widget_type=\"heading.default\">\n\t\t\t\t<div class=\"elementor-widget-container\">\n\t\t\t\t\t<h2 class=\"elementor-heading-title elementor-size-default\">Fonder les S\u0153urs de Sainte-Madeleine<\/h2>\t\t\t\t<\/div>\n\t\t\t\t<\/div>\n\t\t\t\t<div class=\"elementor-element elementor-element-d6d1a3e elementor-widget elementor-widget-image\" data-id=\"d6d1a3e\" data-element_type=\"widget\" data-e-type=\"widget\" data-widget_type=\"image.default\">\n\t\t\t\t<div class=\"elementor-widget-container\">\n\t\t\t\t\t\t\t\t\t\t\t\t\t\t\t<img decoding=\"async\" width=\"800\" height=\"452\" src=\"https:\/\/www.olcgs.org\/wp-content\/uploads\/2024\/02\/Magdalens-1024x578.jpg\" class=\"attachment-large size-large wp-image-7260\" alt=\"\" srcset=\"https:\/\/www.olcgs.org\/wp-content\/uploads\/2024\/02\/Magdalens-1024x578.jpg 1024w, https:\/\/www.olcgs.org\/wp-content\/uploads\/2024\/02\/Magdalens-300x169.jpg 300w, https:\/\/www.olcgs.org\/wp-content\/uploads\/2024\/02\/Magdalens-768x433.jpg 768w, https:\/\/www.olcgs.org\/wp-content\/uploads\/2024\/02\/Magdalens-18x10.jpg 18w, https:\/\/www.olcgs.org\/wp-content\/uploads\/2024\/02\/Magdalens.jpg 1219w\" sizes=\"(max-width: 800px) 100vw, 800px\" \/>\t\t\t\t\t\t\t\t\t\t\t\t\t\t\t<\/div>\n\t\t\t\t<\/div>\n\t\t\t\t<div class=\"elementor-element elementor-element-d1b5a6e elementor-widget-laptop__width-initial elementor-widget elementor-widget-text-editor\" data-id=\"d1b5a6e\" data-element_type=\"widget\" data-e-type=\"widget\" data-widget_type=\"text-editor.default\">\n\t\t\t\t<div class=\"elementor-widget-container\">\n\t\t\t\t\t\t\t\t\t<p>Alors qu'elle \u00e9tait sup\u00e9rieure de la communaut\u00e9 de Tours, Sainte Marie-Euphrasie a fond\u00e9 une communaut\u00e9 contemplative, notamment pour les femmes qui \u00e9taient d'anciennes r\u00e9sidentes de la maison et qui souhaitaient vivre une vie contemplative. Initialement connues sous le nom de S\u0153urs de Sainte-Madeleine, elles continuent de vivre leur identit\u00e9 de s\u0153urs contemplatives au sein d'une congr\u00e9gation apostolique.<\/p><p>En 1829, Sainte Marie-Euphrasie se rend \u00e0 Angers, en France, \u00e0 la demande de l'\u00e9v\u00eaque pour \u00e9tablir une maison dans son dioc\u00e8se. Bient\u00f4t, les \u00e9v\u00eaques d\u2019autres villes ont commenc\u00e9 \u00e0 demander aux s\u0153urs de cr\u00e9er des communaut\u00e9s pour s\u2019occuper des femmes et des filles de leur dioc\u00e8se. Sainte Marie-Euphrasie r\u00e9pond volontiers \u00e0 ces demandes. Pour mieux atteindre cet objectif, elle ressent le besoin d\u2019\u00e9tendre la mission partout o\u00f9 c\u2019est n\u00e9cessaire. Elle envisage une structure de gouvernance qui permettrait \u00e0 la Congr\u00e9gation de se d\u00e9velopper \u00e0 l'\u00e9chelle mondiale.<\/p><p>Sainte Marie-Euphrasie avait besoin d'une approbation pour modifier la Congr\u00e9gation afin qu'elle soit sous un gouvernement g\u00e9n\u00e9ral unique. Celle-ci fut donn\u00e9e par l'\u00c9glise en 1835, aboutissant \u00e0 la cr\u00e9ation de la nouvelle Congr\u00e9gation de Notre-Dame de Charit\u00e9 du Bon Pasteur.<\/p><p>Le 3 avril 1835, elle devient la premi\u00e8re sup\u00e9rieure g\u00e9n\u00e9rale de la nouvelle Congr\u00e9gation. \u00c0 partir de ce jour, toutes les communaut\u00e9s existantes et nouvelles qui le souhaitent seraient unies \u00e0 la Maison M\u00e8re d'Angers, en France.<\/p>\t\t\t\t\t\t\t\t<\/div>\n\t\t\t\t<\/div>\n\t\t\t\t<\/div>\n\t\t\t\t\t<\/div>\n\t\t\t\t<\/div>\n\t\t<div class=\"elementor-element elementor-element-bc033a0 e-flex e-con-boxed e-con e-parent\" data-id=\"bc033a0\" data-element_type=\"container\" data-e-type=\"container\" data-settings=\"{&quot;jet_parallax_layout_list&quot;:[],&quot;background_background&quot;:&quot;classic&quot;}\">\n\t\t\t\t\t<div class=\"e-con-inner\">\n\t\t<div class=\"elementor-element elementor-element-3a73601 e-con-full e-flex e-con e-child\" data-id=\"3a73601\" data-element_type=\"container\" data-e-type=\"container\" data-settings=\"{&quot;jet_parallax_layout_list&quot;:[]}\">\n\t\t\t\t<div class=\"elementor-element elementor-element-5bcbb7d elementor-widget elementor-widget-image\" data-id=\"5bcbb7d\" data-element_type=\"widget\" data-e-type=\"widget\" data-widget_type=\"image.default\">\n\t\t\t\t<div class=\"elementor-widget-container\">\n\t\t\t\t\t\t\t\t\t\t\t\t\t\t\t<img decoding=\"async\" width=\"320\" height=\"389\" src=\"https:\/\/www.olcgs.org\/wp-content\/uploads\/2023\/11\/Marie-Euphrasie_Pelletier.jpg\" class=\"attachment-large size-large wp-image-1216\" alt=\"\" srcset=\"https:\/\/www.olcgs.org\/wp-content\/uploads\/2023\/11\/Marie-Euphrasie_Pelletier.jpg 320w, https:\/\/www.olcgs.org\/wp-content\/uploads\/2023\/11\/Marie-Euphrasie_Pelletier-247x300.jpg 247w\" sizes=\"(max-width: 320px) 100vw, 320px\" \/>\t\t\t\t\t\t\t\t\t\t\t\t\t\t\t<\/div>\n\t\t\t\t<\/div>\n\t\t\t\t<\/div>\n\t\t<div class=\"elementor-element elementor-element-0927306 e-con-full e-flex e-con e-child\" data-id=\"0927306\" data-element_type=\"container\" data-e-type=\"container\" data-settings=\"{&quot;jet_parallax_layout_list&quot;:[]}\">\n\t\t\t\t<div class=\"elementor-element elementor-element-0a420e6 elementor-widget__width-initial elementor-widget elementor-widget-heading\" data-id=\"0a420e6\" data-element_type=\"widget\" data-e-type=\"widget\" data-widget_type=\"heading.default\">\n\t\t\t\t<div class=\"elementor-widget-container\">\n\t\t\t\t\t<h2 class=\"elementor-heading-title elementor-size-default\">Sainte Marie-Euphrasie b\u00e9atifi\u00e9e en 1940<\/h2>\t\t\t\t<\/div>\n\t\t\t\t<\/div>\n\t\t\t\t<div class=\"elementor-element elementor-element-069d3e0 elementor-widget-laptop__width-initial elementor-widget__width-initial elementor-widget elementor-widget-text-editor\" data-id=\"069d3e0\" data-element_type=\"widget\" data-e-type=\"widget\" data-widget_type=\"text-editor.default\">\n\t\t\t\t<div class=\"elementor-widget-container\">\n\t\t\t\t\t\t\t\t\t<p>Sainte Marie-Euphrasie a \u00e9t\u00e9 sup\u00e9rieure de la congr\u00e9gation pendant 33 ans. A sa mort en 1868, elle avait fond\u00e9 110 Maisons \u00e0 travers le monde. Sainte Marie-Euphrasie a \u00e9t\u00e9 b\u00e9atifi\u00e9e le 30 avril 1933. Elle a \u00e9t\u00e9 canonis\u00e9e par le pape Pie XII en 1940. Sa f\u00eate est le 24 avril.<\/p>\t\t\t\t\t\t\t\t<\/div>\n\t\t\t\t<\/div>\n\t\t\t\t<\/div>\n\t\t\t\t\t<\/div>\n\t\t\t\t<\/div>\n\t\t<div class=\"elementor-element elementor-element-9f8f67e e-con-full elementor-hidden-desktop elementor-hidden-laptop elementor-hidden-tablet elementor-hidden-mobile e-flex e-con e-parent\" data-id=\"9f8f67e\" data-element_type=\"container\" data-e-type=\"container\" data-settings=\"{&quot;jet_parallax_layout_list&quot;:[]}\">\n\t\t\t\t<div class=\"elementor-element elementor-element-68c081f elementor-widget elementor-widget-qi_addons_for_elementor_timeline\" data-id=\"68c081f\" data-element_type=\"widget\" data-e-type=\"widget\" data-widget_type=\"qi_addons_for_elementor_timeline.default\">\n\t\t\t\t<div class=\"elementor-widget-container\">\n\t\t\t\t\t<div class=\"qodef-shortcode qodef-m qodef-qi-timeline qodef-timeline--horizontal qodef-layout--columns qodef-timeline-layout--horizontal-alternating qodef-point--standard qodef-qi--has-appear\" data-options=\"{&quot;colNum&quot;:&quot;4&quot;,&quot;colNum1440&quot;:&quot;4&quot;,&quot;colNum1366&quot;:&quot;4&quot;,&quot;colNum1024&quot;:&quot;3&quot;,&quot;colNum768&quot;:&quot;2&quot;,&quot;colNum680&quot;:&quot;1&quot;,&quot;colNum480&quot;:&quot;1&quot;}\">\n\t<div class=\"qodef-nav-prev\">\n\t\t<svg class=\"qodef-swiper-arrow-left\" xmlns=\"http:\/\/www.w3.org\/2000\/svg\" x=\"0px\" y=\"0px\" viewbox=\"0 0 34.2 32.3\" xml:space=\"preserve\" style=\"stroke-width: 2;\"><line x1=\"0.5\" y1=\"16\" x2=\"33.5\" y2=\"16\"\/><line x1=\"0.3\" y1=\"16.5\" x2=\"16.2\" y2=\"0.7\"\/><line x1=\"0\" y1=\"15.4\" x2=\"16.2\" y2=\"31.6\"\/><\/svg>\t<\/div>\n\t<div class=\"qodef-nav-next\">\n\t\t<svg class=\"qodef-swiper-arrow-right\" xmlns=\"http:\/\/www.w3.org\/2000\/svg\" x=\"0px\" y=\"0px\" viewbox=\"0 0 34.2 32.3\" xml:space=\"preserve\" style=\"stroke-width: 2;\"><line x1=\"0\" y1=\"16\" x2=\"33\" y2=\"16\"\/><line x1=\"17.3\" y1=\"0.7\" x2=\"33.2\" y2=\"16.5\"\/><line x1=\"17.3\" y1=\"31.6\" x2=\"33.5\" y2=\"15.4\"\/><\/svg>\t<\/div>\n\t<div class=\"qodef-grid-inner\">\n\t<div class=\"qodef-e qodef-e-item qodef-grid-item elementor-repeater-item-e3e4ec3 qodef-reverse\">\n\t<div class=\"qodef-e-line-holder\">\n\t\t<span class=\"qodef-e-line\"><\/span>\n\t<\/div>\n\t<div class=\"qodef-e-item-inner\">\n\t\t<div class=\"qodef-e-point-holder\">\n\t\t\t<div class=\"qodef-e-point\">\n\t\t\t\t\t\t\t<\/div>\n\t\t<\/div>\n\t\t<div class=\"qodef-e-top-holder\">\n\t\t\t<div class=\"qodef-e-image\">\n\t<img loading=\"lazy\" decoding=\"async\" width=\"300\" height=\"200\" src=\"https:\/\/www.olcgs.org\/wp-content\/uploads\/2023\/11\/EudisteFund-300x200.jpg\" class=\"attachment-medium size-medium\" alt=\"\" srcset=\"https:\/\/www.olcgs.org\/wp-content\/uploads\/2023\/11\/EudisteFund-300x200.jpg 300w, https:\/\/www.olcgs.org\/wp-content\/uploads\/2023\/11\/EudisteFund-768x512.jpg 768w, https:\/\/www.olcgs.org\/wp-content\/uploads\/2023\/11\/EudisteFund.jpg 900w\" sizes=\"(max-width: 300px) 100vw, 300px\" \/><\/div>\n\t\t<\/div>\n\t\t<div class=\"qodef-e-content-holder\">\n\t\t\t\t<h6 class=\"qodef-e-title\">\n\t\tExample Title 1\t\t<\/h6>\n\t\t\t\t\t<p class=\"qodef-e-text\">\n\t\tLorem ipsum dolor sit amet, consectetur adipiscing elit. Mauris tempus nisl vitae magna pulvinar laoreet.\t<\/p>\n\t\t\t\t\t<div class=\"qodef-e-date\">\n\t\t1980\t<\/div>\n\t\t\t<\/div>\n\t<\/div>\n<\/div>\n<div class=\"qodef-e qodef-e-item qodef-grid-item elementor-repeater-item-7e3e6fe qodef-obverse\">\n\t<div class=\"qodef-e-line-holder\">\n\t\t<span class=\"qodef-e-line\"><\/span>\n\t<\/div>\n\t<div class=\"qodef-e-item-inner\">\n\t\t<div class=\"qodef-e-point-holder\">\n\t\t\t<div class=\"qodef-e-point\">\n\t\t\t\t\t\t\t<\/div>\n\t\t<\/div>\n\t\t<div class=\"qodef-e-top-holder\">\n\t\t\t<div class=\"qodef-e-image\">\n\t<img loading=\"lazy\" decoding=\"async\" width=\"300\" height=\"200\" src=\"https:\/\/www.olcgs.org\/wp-content\/uploads\/2023\/11\/028A1837-300x200.jpg\" class=\"attachment-medium size-medium\" alt=\"\" srcset=\"https:\/\/www.olcgs.org\/wp-content\/uploads\/2023\/11\/028A1837-300x200.jpg 300w, https:\/\/www.olcgs.org\/wp-content\/uploads\/2023\/11\/028A1837-1024x683.jpg 1024w, https:\/\/www.olcgs.org\/wp-content\/uploads\/2023\/11\/028A1837-768x512.jpg 768w, https:\/\/www.olcgs.org\/wp-content\/uploads\/2023\/11\/028A1837-1536x1024.jpg 1536w, https:\/\/www.olcgs.org\/wp-content\/uploads\/2023\/11\/028A1837-2048x1366.jpg 2048w\" sizes=\"(max-width: 300px) 100vw, 300px\" \/><\/div>\n\t\t<\/div>\n\t\t<div class=\"qodef-e-content-holder\">\n\t\t\t\t<h6 class=\"qodef-e-title\">\n\t\tExample Title 2\t\t<\/h6>\n\t\t\t\t\t<p class=\"qodef-e-text\">\n\t\tLorem ipsum dolor sit amet, consectetur adipiscing elit. Mauris tempus nisl vitae magna pulvinar laoreet.\t<\/p>\n\t\t\t\t\t<div class=\"qodef-e-date\">\n\t\t1983\t<\/div>\n\t\t\t<\/div>\n\t<\/div>\n<\/div>\n<div class=\"qodef-e qodef-e-item qodef-grid-item elementor-repeater-item-1a72307 qodef-reverse\">\n\t<div class=\"qodef-e-line-holder\">\n\t\t<span class=\"qodef-e-line\"><\/span>\n\t<\/div>\n\t<div class=\"qodef-e-item-inner\">\n\t\t<div class=\"qodef-e-point-holder\">\n\t\t\t<div class=\"qodef-e-point\">\n\t\t\t\t\t\t\t<\/div>\n\t\t<\/div>\n\t\t<div class=\"qodef-e-top-holder\">\n\t\t\t<div class=\"qodef-e-image\">\n\t<img loading=\"lazy\" decoding=\"async\" width=\"300\" height=\"268\" src=\"https:\/\/www.olcgs.org\/wp-content\/uploads\/2023\/12\/1efff84bee36ba326f71fd9cd7b2a711-300x268.jpg\" class=\"attachment-medium size-medium\" alt=\"\" srcset=\"https:\/\/www.olcgs.org\/wp-content\/uploads\/2023\/12\/1efff84bee36ba326f71fd9cd7b2a711-300x268.jpg 300w, https:\/\/www.olcgs.org\/wp-content\/uploads\/2023\/12\/1efff84bee36ba326f71fd9cd7b2a711.jpg 632w\" sizes=\"(max-width: 300px) 100vw, 300px\" \/><\/div>\n\t\t<\/div>\n\t\t<div class=\"qodef-e-content-holder\">\n\t\t\t\t<h6 class=\"qodef-e-title\">\n\t\tExample Title 3\t\t<\/h6>\n\t\t\t\t\t<p class=\"qodef-e-text\">\n\t\tLorem ipsum dolor sit amet, consectetur adipiscing elit. Mauris tempus nisl vitae magna pulvinar laoreet.\t<\/p>\n\t\t\t\t\t<div class=\"qodef-e-date\">\n\t\t1989\t<\/div>\n\t\t\t<\/div>\n\t<\/div>\n<\/div>\n<div class=\"qodef-e qodef-e-item qodef-grid-item elementor-repeater-item-899fb82 qodef-obverse\">\n\t<div class=\"qodef-e-line-holder\">\n\t\t<span class=\"qodef-e-line\"><\/span>\n\t<\/div>\n\t<div class=\"qodef-e-item-inner\">\n\t\t<div class=\"qodef-e-point-holder\">\n\t\t\t<div class=\"qodef-e-point\">\n\t\t\t\t\t\t\t<\/div>\n\t\t<\/div>\n\t\t<div class=\"qodef-e-top-holder\">\n\t\t\t<div class=\"qodef-e-image\">\n\t<img loading=\"lazy\" decoding=\"async\" width=\"225\" height=\"300\" src=\"https:\/\/www.olcgs.org\/wp-content\/uploads\/2023\/12\/living-words-wall-decor-jesus-christ-shepherd-jp10-14150693093463-225x300.jpg\" class=\"attachment-medium size-medium\" alt=\"\" srcset=\"https:\/\/www.olcgs.org\/wp-content\/uploads\/2023\/12\/living-words-wall-decor-jesus-christ-shepherd-jp10-14150693093463-225x300.jpg 225w, https:\/\/www.olcgs.org\/wp-content\/uploads\/2023\/12\/living-words-wall-decor-jesus-christ-shepherd-jp10-14150693093463-769x1024.jpg 769w, https:\/\/www.olcgs.org\/wp-content\/uploads\/2023\/12\/living-words-wall-decor-jesus-christ-shepherd-jp10-14150693093463-768x1023.jpg 768w, https:\/\/www.olcgs.org\/wp-content\/uploads\/2023\/12\/living-words-wall-decor-jesus-christ-shepherd-jp10-14150693093463-1153x1536.jpg 1153w, https:\/\/www.olcgs.org\/wp-content\/uploads\/2023\/12\/living-words-wall-decor-jesus-christ-shepherd-jp10-14150693093463.jpg 1351w\" sizes=\"(max-width: 225px) 100vw, 225px\" \/><\/div>\n\t\t<\/div>\n\t\t<div class=\"qodef-e-content-holder\">\n\t\t\t\t<h6 class=\"qodef-e-title\">\n\t\tExample Title 3\t\t<\/h6>\n\t\t\t\t\t<p class=\"qodef-e-text\">\n\t\tLorem ipsum dolor sit amet, consectetur adipiscing elit. Mauris tempus nisl vitae magna pulvinar laoreet.\t<\/p>\n\t\t\t\t\t<div class=\"qodef-e-date\">\n\t\t1989\t<\/div>\n\t\t\t<\/div>\n\t<\/div>\n<\/div>\n<div class=\"qodef-e qodef-e-item qodef-grid-item elementor-repeater-item-f4d1eaa qodef-reverse\">\n\t<div class=\"qodef-e-line-holder\">\n\t\t<span class=\"qodef-e-line\"><\/span>\n\t<\/div>\n\t<div class=\"qodef-e-item-inner\">\n\t\t<div class=\"qodef-e-point-holder\">\n\t\t\t<div class=\"qodef-e-point\">\n\t\t\t\t\t\t\t<\/div>\n\t\t<\/div>\n\t\t<div class=\"qodef-e-top-holder\">\n\t\t\t<div class=\"qodef-e-image\">\n\t<img loading=\"lazy\" decoding=\"async\" width=\"300\" height=\"203\" src=\"https:\/\/www.olcgs.org\/wp-content\/uploads\/2023\/11\/IMG_1713-768x519-1-300x203.jpg\" class=\"attachment-medium size-medium\" alt=\"\" srcset=\"https:\/\/www.olcgs.org\/wp-content\/uploads\/2023\/11\/IMG_1713-768x519-1-300x203.jpg 300w, https:\/\/www.olcgs.org\/wp-content\/uploads\/2023\/11\/IMG_1713-768x519-1.jpg 768w\" sizes=\"(max-width: 300px) 100vw, 300px\" \/><\/div>\n\t\t<\/div>\n\t\t<div class=\"qodef-e-content-holder\">\n\t\t\t\t<h6 class=\"qodef-e-title\">\n\t\tExample Title 3\t\t<\/h6>\n\t\t\t\t\t<p class=\"qodef-e-text\">\n\t\tLorem ipsum dolor sit amet, consectetur adipiscing elit. Mauris tempus nisl vitae magna pulvinar laoreet.\t<\/p>\n\t\t\t\t\t<div class=\"qodef-e-date\">\n\t\t1989\t<\/div>\n\t\t\t<\/div>\n\t<\/div>\n<\/div>\n<div class=\"qodef-e qodef-e-item qodef-grid-item elementor-repeater-item-281a65b qodef-obverse\">\n\t<div class=\"qodef-e-line-holder\">\n\t\t<span class=\"qodef-e-line\"><\/span>\n\t<\/div>\n\t<div class=\"qodef-e-item-inner\">\n\t\t<div class=\"qodef-e-point-holder\">\n\t\t\t<div class=\"qodef-e-point\">\n\t\t\t\t\t\t\t<\/div>\n\t\t<\/div>\n\t\t<div class=\"qodef-e-top-holder\">\n\t\t\t<div class=\"qodef-e-image\">\n\t<img loading=\"lazy\" decoding=\"async\" width=\"300\" height=\"225\" src=\"https:\/\/www.olcgs.org\/wp-content\/uploads\/2023\/12\/SAM_0074-300x225.jpg\" class=\"attachment-medium size-medium\" alt=\"\" srcset=\"https:\/\/www.olcgs.org\/wp-content\/uploads\/2023\/12\/SAM_0074-300x225.jpg 300w, https:\/\/www.olcgs.org\/wp-content\/uploads\/2023\/12\/SAM_0074-1024x768.jpg 1024w, https:\/\/www.olcgs.org\/wp-content\/uploads\/2023\/12\/SAM_0074-768x576.jpg 768w, https:\/\/www.olcgs.org\/wp-content\/uploads\/2023\/12\/SAM_0074-1536x1152.jpg 1536w, https:\/\/www.olcgs.org\/wp-content\/uploads\/2023\/12\/SAM_0074-2048x1536.jpg 2048w\" sizes=\"(max-width: 300px) 100vw, 300px\" \/><\/div>\n\t\t<\/div>\n\t\t<div class=\"qodef-e-content-holder\">\n\t\t\t\t<h6 class=\"qodef-e-title\">\n\t\tExample Title 3\t\t<\/h6>\n\t\t\t\t\t<p class=\"qodef-e-text\">\n\t\tLorem ipsum dolor sit amet, consectetur adipiscing elit. Mauris tempus nisl vitae magna pulvinar laoreet.\t<\/p>\n\t\t\t\t\t<div class=\"qodef-e-date\">\n\t\t1989\t<\/div>\n\t\t\t<\/div>\n\t<\/div>\n<\/div>\n\t<\/div>\n<\/div>\n\t\t\t\t<\/div>\n\t\t\t\t<\/div>\n\t\t\t\t<\/div>\n\t\t\t\t<\/div>","protected":false},"excerpt":{"rendered":"<p>Saint Mary Euphrasia Home A women ahead of her time St. Mary Euphrasia was born Rose Virginie Pelletier on the island of Noirmoutier, off the coast of France, on July 31, 1796. Her parents were imprisoned on the island during the French Revolution. She grew up in the turbulent aftermath of that revolution. Her father [&hellip;]<\/p>\n","protected":false},"author":1,"featured_media":0,"parent":3168,"menu_order":0,"comment_status":"closed","ping_status":"closed","template":"elementor_header_footer","meta":{"footnotes":""},"class_list":["post-2811","page","type-page","status-publish","hentry"],"_links":{"self":[{"href":"https:\/\/www.olcgs.org\/fr\/wp-json\/wp\/v2\/pages\/2811","targetHints":{"allow":["GET"]}}],"collection":[{"href":"https:\/\/www.olcgs.org\/fr\/wp-json\/wp\/v2\/pages"}],"about":[{"href":"https:\/\/www.olcgs.org\/fr\/wp-json\/wp\/v2\/types\/page"}],"author":[{"embeddable":true,"href":"https:\/\/www.olcgs.org\/fr\/wp-json\/wp\/v2\/users\/1"}],"replies":[{"embeddable":true,"href":"https:\/\/www.olcgs.org\/fr\/wp-json\/wp\/v2\/comments?post=2811"}],"version-history":[{"count":98,"href":"https:\/\/www.olcgs.org\/fr\/wp-json\/wp\/v2\/pages\/2811\/revisions"}],"predecessor-version":[{"id":7605,"href":"https:\/\/www.olcgs.org\/fr\/wp-json\/wp\/v2\/pages\/2811\/revisions\/7605"}],"up":[{"embeddable":true,"href":"https:\/\/www.olcgs.org\/fr\/wp-json\/wp\/v2\/pages\/3168"}],"wp:attachment":[{"href":"https:\/\/www.olcgs.org\/fr\/wp-json\/wp\/v2\/media?parent=2811"}],"curies":[{"name":"wp","href":"https:\/\/api.w.org\/{rel}","templated":true}]}}