{"id":6643,"date":"2024-01-28T16:03:08","date_gmt":"2024-01-28T15:03:08","guid":{"rendered":"https:\/\/www.olcgs.org\/?page_id=6643"},"modified":"2024-04-06T13:00:23","modified_gmt":"2024-04-06T11:00:23","slug":"marietherese_de_soubiran","status":"publish","type":"page","link":"https:\/\/www.olcgs.org\/fr\/our-saints-and-blessed\/marietherese_de_soubiran\/","title":{"rendered":"Marie Therese de Soubiran"},"content":{"rendered":"<div data-elementor-type=\"wp-page\" data-elementor-id=\"6643\" class=\"elementor elementor-6643\" data-elementor-post-type=\"page\">\n\t\t\t\t<div class=\"elementor-element elementor-element-91dbb51 e-flex e-con-boxed e-con e-parent\" data-id=\"91dbb51\" data-element_type=\"container\" data-e-type=\"container\" data-settings=\"{&quot;jet_parallax_layout_list&quot;:[],&quot;background_background&quot;:&quot;classic&quot;}\">\n\t\t\t\t\t<div class=\"e-con-inner\">\n\t\t\t\t<div class=\"elementor-element elementor-element-cdd2c86 elementor-invisible elementor-widget elementor-widget-heading\" data-id=\"cdd2c86\" data-element_type=\"widget\" data-e-type=\"widget\" data-settings=\"{&quot;_animation&quot;:&quot;fadeInDown&quot;}\" data-widget_type=\"heading.default\">\n\t\t\t\t<div class=\"elementor-widget-container\">\n\t\t\t\t\t<h2 class=\"elementor-heading-title elementor-size-default\">Bienheureuse Marie Th\u00e9r\u00e8se de Soubiran <\/h2>\t\t\t\t<\/div>\n\t\t\t\t<\/div>\n\t\t\t\t<div class=\"elementor-element elementor-element-19bf56e elementor-invisible elementor-widget elementor-widget-jet-breadcrumbs\" data-id=\"19bf56e\" data-element_type=\"widget\" data-e-type=\"widget\" data-settings=\"{&quot;_animation&quot;:&quot;fadeIn&quot;,&quot;_animation_delay&quot;:900}\" data-widget_type=\"jet-breadcrumbs.default\">\n\t\t\t\t<div class=\"elementor-widget-container\">\n\t\t\t\t\t<div class=\"elementor-jet-breadcrumbs jet-blocks\">\n\t\t<div class=\"jet-breadcrumbs\">\n\t\t<div class=\"jet-breadcrumbs__content\">\n\t\t<div class=\"jet-breadcrumbs__wrap\"><div class=\"jet-breadcrumbs__item\"><a href=\"https:\/\/www.olcgs.org\/fr\/\" class=\"jet-breadcrumbs__item-link is-home\" rel=\"home\" title=\"Accueil\">Accueil<\/a><\/div>\n\t\t<\/div>\n\t\t<\/div>\n\t\t<\/div><\/div>\t\t\t\t<\/div>\n\t\t\t\t<\/div>\n\t\t\t\t\t<\/div>\n\t\t\t\t<\/div>\n\t\t<div class=\"elementor-element elementor-element-080b405 e-flex e-con-boxed elementor-invisible e-con e-parent\" data-id=\"080b405\" data-element_type=\"container\" data-e-type=\"container\" data-settings=\"{&quot;jet_parallax_layout_list&quot;:[],&quot;animation&quot;:&quot;fadeInUp&quot;}\">\n\t\t\t\t\t<div class=\"e-con-inner\">\n\t\t<div class=\"elementor-element elementor-element-f7a5aac e-con-full e-flex e-con e-child\" data-id=\"f7a5aac\" data-element_type=\"container\" data-e-type=\"container\" data-settings=\"{&quot;jet_parallax_layout_list&quot;:[]}\">\n\t\t\t\t<div class=\"elementor-element elementor-element-8740d41 elementor-widget elementor-widget-heading\" data-id=\"8740d41\" data-element_type=\"widget\" data-e-type=\"widget\" data-widget_type=\"heading.default\">\n\t\t\t\t<div class=\"elementor-widget-container\">\n\t\t\t\t\t<h2 class=\"elementor-heading-title elementor-size-default\">Ses premi\u00e8res fondations<\/h2>\t\t\t\t<\/div>\n\t\t\t\t<\/div>\n\t\t\t\t<div class=\"elementor-element elementor-element-9f724f3 elementor-widget elementor-widget-text-editor\" data-id=\"9f724f3\" data-element_type=\"widget\" data-e-type=\"widget\" data-widget_type=\"text-editor.default\">\n\t\t\t\t<div class=\"elementor-widget-container\">\n\t\t\t\t\t\t\t\t\t<div title=\"Page 3\"><p>La bienheureuse Marie-Th\u00e9r\u00e8se de Soubiran est n\u00e9e le 16 mai 1834 \u00e0 Castelnaudary, bourg du sud-ouest de la France. Jeune fille, elle est membre de la Soci\u00e9t\u00e9 des Enfants de Marie, dirig\u00e9e par son oncle, le P\u00e8re Louis de Soubiran.<\/p><p>A 20 ans, apr\u00e8s avoir pass\u00e9 un an comme s\u0153ur la\u00efque b\u00e9guine dans une communaut\u00e9 en Belgique, elle rentre en France o\u00f9, avec des amis, elle cr\u00e9e la structure initiale d'une nouvelle communaut\u00e9 religieuse. Pendant plusieurs ann\u00e9es, elles ont partag\u00e9 une vie de pauvret\u00e9, plong\u00e9es dans la pri\u00e8re et le travail d'accueil des jeunes filles pauvres.<\/p><p>En 1864, Mar\u00eda Teresa participe \u00e0 une retraite j\u00e9suite de trente jours \u00e0 Toulouse au cours de laquelle elle discerne que Dieu l'appelle \u00e0 pers\u00e9v\u00e9rer dans sa nouvelle fondation. Deux ans plus tard, consacrant la Congr\u00e9gation \u00e0 Marie, elle fonde les S\u0153urs de Marie-Auxiliatrice dont la mission premi\u00e8re est l'\u00e9ducation des filles.<\/p><p>\u00c0 partir de la Maison M\u00e8re de Toulouse, d\u2019autres communaut\u00e9s s\u2019\u00e9tablissent bient\u00f4t \u00e0 travers la France et l\u2019Angleterre. Cependant, des probl\u00e8mes surgissent en 1869 lorsqu'une nouvelle s\u0153ur de la Congr\u00e9gation accuse Mar\u00eda Teresa de mauvaise gestion financi\u00e8re.<\/p><\/div>\t\t\t\t\t\t\t\t<\/div>\n\t\t\t\t<\/div>\n\t\t\t\t<\/div>\n\t\t<div class=\"elementor-element elementor-element-81df597 e-con-full e-flex e-con e-child\" data-id=\"81df597\" data-element_type=\"container\" data-e-type=\"container\" data-settings=\"{&quot;jet_parallax_layout_list&quot;:[]}\">\n\t\t\t\t<div class=\"elementor-element elementor-element-d3b5568 elementor-widget elementor-widget-image\" data-id=\"d3b5568\" data-element_type=\"widget\" data-e-type=\"widget\" data-widget_type=\"image.default\">\n\t\t\t\t<div class=\"elementor-widget-container\">\n\t\t\t\t\t\t\t\t\t\t\t\t\t\t\t<img fetchpriority=\"high\" decoding=\"async\" width=\"374\" height=\"506\" src=\"https:\/\/www.olcgs.org\/wp-content\/uploads\/2024\/01\/Bl.-Marie-Therese-de-Soubiran.jpg\" class=\"attachment-large size-large wp-image-6633\" alt=\"\" srcset=\"https:\/\/www.olcgs.org\/wp-content\/uploads\/2024\/01\/Bl.-Marie-Therese-de-Soubiran.jpg 374w, https:\/\/www.olcgs.org\/wp-content\/uploads\/2024\/01\/Bl.-Marie-Therese-de-Soubiran-222x300.jpg 222w, https:\/\/www.olcgs.org\/wp-content\/uploads\/2024\/01\/Bl.-Marie-Therese-de-Soubiran-9x12.jpg 9w\" sizes=\"(max-width: 374px) 100vw, 374px\" \/>\t\t\t\t\t\t\t\t\t\t\t\t\t\t\t<\/div>\n\t\t\t\t<\/div>\n\t\t\t\t<\/div>\n\t\t\t\t\t<\/div>\n\t\t\t\t<\/div>\n\t\t<div class=\"elementor-element elementor-element-b5eaa97 e-flex e-con-boxed elementor-invisible e-con e-parent\" data-id=\"b5eaa97\" data-element_type=\"container\" data-e-type=\"container\" data-settings=\"{&quot;jet_parallax_layout_list&quot;:[],&quot;animation&quot;:&quot;fadeInUp&quot;}\">\n\t\t\t\t\t<div class=\"e-con-inner\">\n\t\t<div class=\"elementor-element elementor-element-6f4240d e-con-full e-flex e-con e-child\" data-id=\"6f4240d\" data-element_type=\"container\" data-e-type=\"container\" data-settings=\"{&quot;jet_parallax_layout_list&quot;:[]}\">\n\t\t\t\t<div class=\"elementor-element elementor-element-bee0f8c elementor-widget elementor-widget-heading\" data-id=\"bee0f8c\" data-element_type=\"widget\" data-e-type=\"widget\" data-widget_type=\"heading.default\">\n\t\t\t\t<div class=\"elementor-widget-container\">\n\t\t\t\t\t<h2 class=\"elementor-heading-title elementor-size-default\">\u00c0 Notre-Dame de Charit\u00e9<\/h2>\t\t\t\t<\/div>\n\t\t\t\t<\/div>\n\t\t\t\t<div class=\"elementor-element elementor-element-a5a1bd2 elementor-widget-laptop__width-initial elementor-widget elementor-widget-text-editor\" data-id=\"a5a1bd2\" data-element_type=\"widget\" data-e-type=\"widget\" data-widget_type=\"text-editor.default\">\n\t\t\t\t<div class=\"elementor-widget-container\">\n\t\t\t\t\t\t\t\t\t<p>S'\u00e9tant sentie contrainte d'abandonner sa Congr\u00e9gation, elle est finalement accueillie par les S\u0153urs de Notre-Dame de Charit\u00e9 \u00e0 Paris le 20 septembre 1874 et prononce ses v\u0153ux perp\u00e9tuels trois ans plus tard sous le nom de Marie du Sacr\u00e9-C\u0153ur.<\/p><p>Elle s'int\u00e8gre rapidement dans sa nouvelle famille religieuse en enseignant le cat\u00e9chisme et en travaillant avec les jeunes femmes dont elles ont la charge. Suite \u00e0 un lent d\u00e9clin de sa sant\u00e9, elle d\u00e9c\u00e8de le 7 juin 1889, ses derniers mots \u00e9tant : \u00ab Viens, Seigneur J\u00e9sus, viens !<\/p>\t\t\t\t\t\t\t\t<\/div>\n\t\t\t\t<\/div>\n\t\t\t\t<\/div>\n\t\t\t\t\t<\/div>\n\t\t\t\t<\/div>\n\t\t<div class=\"elementor-element elementor-element-47cd9bb e-flex e-con-boxed elementor-invisible e-con e-parent\" data-id=\"47cd9bb\" data-element_type=\"container\" data-e-type=\"container\" data-settings=\"{&quot;jet_parallax_layout_list&quot;:[],&quot;animation&quot;:&quot;fadeInUp&quot;}\">\n\t\t\t\t\t<div class=\"e-con-inner\">\n\t\t<div class=\"elementor-element elementor-element-b9d6258 e-con-full e-flex e-con e-child\" data-id=\"b9d6258\" data-element_type=\"container\" data-e-type=\"container\" data-settings=\"{&quot;jet_parallax_layout_list&quot;:[]}\">\n\t\t\t\t<div class=\"elementor-element elementor-element-84982af elementor-widget elementor-widget-heading\" data-id=\"84982af\" data-element_type=\"widget\" data-e-type=\"widget\" data-widget_type=\"heading.default\">\n\t\t\t\t<div class=\"elementor-widget-container\">\n\t\t\t\t\t<h2 class=\"elementor-heading-title elementor-size-default\">Une r\u00e9putation restaur\u00e9e<\/h2>\t\t\t\t<\/div>\n\t\t\t\t<\/div>\n\t\t\t\t<div class=\"elementor-element elementor-element-8d90a16 elementor-widget-laptop__width-initial elementor-widget elementor-widget-text-editor\" data-id=\"8d90a16\" data-element_type=\"widget\" data-e-type=\"widget\" data-widget_type=\"text-editor.default\">\n\t\t\t\t<div class=\"elementor-widget-container\">\n\t\t\t\t\t\t\t\t\t<p>Deux ans apr\u00e8s la mort de Marie-Th\u00e9r\u00e8se, une enqu\u00eate a r\u00e9v\u00e9l\u00e9 que les accusations port\u00e9es contre elle \u00e9taient infond\u00e9es. \u00c0 titre posthume, sa r\u00e9putation a \u00e9t\u00e9 restaur\u00e9e et elle a \u00e9t\u00e9 disculp\u00e9e.<\/p><p>Le processus de b\u00e9atification commence \u00e0 Paris le 9 mai 1934, sous le pape Pie XI, et aboutit \u00e0 sa b\u00e9atification le 20 octobre 1946, suite \u00e0 l'approbation de deux miracles attribu\u00e9s \u00e0 son intercession.<\/p>\t\t\t\t\t\t\t\t<\/div>\n\t\t\t\t<\/div>\n\t\t\t\t<\/div>\n\t\t\t\t\t<\/div>\n\t\t\t\t<\/div>\n\t\t\t\t<\/div>","protected":false},"excerpt":{"rendered":"<p>Blessed Marie-Th\u00e9r\u00e8se de Soubiran Home Her first foundations Blessed Marie-Th\u00e9r\u00e8se de Soubiran was born on May 16, 1834, in Castelnaudary, a market town in southwest France. As a young girl, she was a member of the Children of Mary Sodality, which was run by her uncle, Fr. Louis de Soubiran. At 20, having spent one [&hellip;]<\/p>\n","protected":false},"author":1,"featured_media":0,"parent":3168,"menu_order":0,"comment_status":"closed","ping_status":"closed","template":"elementor_header_footer","meta":{"footnotes":""},"class_list":["post-6643","page","type-page","status-publish","hentry"],"_links":{"self":[{"href":"https:\/\/www.olcgs.org\/fr\/wp-json\/wp\/v2\/pages\/6643","targetHints":{"allow":["GET"]}}],"collection":[{"href":"https:\/\/www.olcgs.org\/fr\/wp-json\/wp\/v2\/pages"}],"about":[{"href":"https:\/\/www.olcgs.org\/fr\/wp-json\/wp\/v2\/types\/page"}],"author":[{"embeddable":true,"href":"https:\/\/www.olcgs.org\/fr\/wp-json\/wp\/v2\/users\/1"}],"replies":[{"embeddable":true,"href":"https:\/\/www.olcgs.org\/fr\/wp-json\/wp\/v2\/comments?post=6643"}],"version-history":[{"count":16,"href":"https:\/\/www.olcgs.org\/fr\/wp-json\/wp\/v2\/pages\/6643\/revisions"}],"predecessor-version":[{"id":7611,"href":"https:\/\/www.olcgs.org\/fr\/wp-json\/wp\/v2\/pages\/6643\/revisions\/7611"}],"up":[{"embeddable":true,"href":"https:\/\/www.olcgs.org\/fr\/wp-json\/wp\/v2\/pages\/3168"}],"wp:attachment":[{"href":"https:\/\/www.olcgs.org\/fr\/wp-json\/wp\/v2\/media?parent=6643"}],"curies":[{"name":"wp","href":"https:\/\/api.w.org\/{rel}","templated":true}]}}