{"id":8587,"date":"2024-04-23T11:48:40","date_gmt":"2024-04-23T09:48:40","guid":{"rendered":"https:\/\/www.olcgs.org\/?page_id=8587"},"modified":"2024-04-26T12:58:50","modified_gmt":"2024-04-26T10:58:50","slug":"welcome-message","status":"publish","type":"page","link":"https:\/\/www.olcgs.org\/fr\/welcome-message\/","title":{"rendered":"Message de bienvenue"},"content":{"rendered":"<div data-elementor-type=\"wp-page\" data-elementor-id=\"8587\" class=\"elementor elementor-8587\" data-elementor-post-type=\"page\">\n\t\t\t\t<div class=\"elementor-element elementor-element-989b0c8 e-flex e-con-boxed e-con e-parent\" data-id=\"989b0c8\" data-element_type=\"container\" data-e-type=\"container\" data-settings=\"{&quot;jet_parallax_layout_list&quot;:[],&quot;background_background&quot;:&quot;classic&quot;}\">\n\t\t\t\t\t<div class=\"e-con-inner\">\n\t\t\t\t<div class=\"elementor-element elementor-element-7573498 elementor-widget__width-initial elementor-widget-mobile__width-initial elementor-invisible elementor-widget elementor-widget-heading\" data-id=\"7573498\" data-element_type=\"widget\" data-e-type=\"widget\" data-settings=\"{&quot;_animation&quot;:&quot;fadeInDown&quot;}\" data-widget_type=\"heading.default\">\n\t\t\t\t<div class=\"elementor-widget-container\">\n\t\t\t\t\t<h2 class=\"elementor-heading-title elementor-size-default\">Message du G\u00e9n\u00e9ralat sur le lancement du nouveau site web<\/h2>\t\t\t\t<\/div>\n\t\t\t\t<\/div>\n\t\t\t\t<div class=\"elementor-element elementor-element-45a0c35 elementor-invisible elementor-widget elementor-widget-jet-breadcrumbs\" data-id=\"45a0c35\" data-element_type=\"widget\" data-e-type=\"widget\" data-settings=\"{&quot;_animation&quot;:&quot;fadeIn&quot;,&quot;_animation_delay&quot;:900}\" data-widget_type=\"jet-breadcrumbs.default\">\n\t\t\t\t<div class=\"elementor-widget-container\">\n\t\t\t\t\t<div class=\"elementor-jet-breadcrumbs jet-blocks\">\n\t\t<div class=\"jet-breadcrumbs\">\n\t\t<div class=\"jet-breadcrumbs__content\">\n\t\t<div class=\"jet-breadcrumbs__wrap\"><div class=\"jet-breadcrumbs__item\"><a href=\"https:\/\/www.olcgs.org\/fr\/\" class=\"jet-breadcrumbs__item-link is-home\" rel=\"home\" title=\"Accueil\">Accueil<\/a><\/div>\n\t\t<\/div>\n\t\t<\/div>\n\t\t<\/div><\/div>\t\t\t\t<\/div>\n\t\t\t\t<\/div>\n\t\t\t\t\t<\/div>\n\t\t\t\t<\/div>\n\t\t<div class=\"elementor-element elementor-element-7c3d14a e-flex e-con-boxed e-con e-parent\" data-id=\"7c3d14a\" data-element_type=\"container\" data-e-type=\"container\" data-settings=\"{&quot;jet_parallax_layout_list&quot;:[]}\">\n\t\t\t\t\t<div class=\"e-con-inner\">\n\t\t\t\t<div class=\"elementor-element elementor-element-3fdd2c5 elementor-widget__width-initial elementor-widget-tablet__width-initial elementor-widget elementor-widget-heading\" data-id=\"3fdd2c5\" data-element_type=\"widget\" data-e-type=\"widget\" data-widget_type=\"heading.default\">\n\t\t\t\t<div class=\"elementor-widget-container\">\n\t\t\t\t\t<h2 class=\"elementor-heading-title elementor-size-default\">Message de Joan Lopez, Responsable de Congr\u00e9gation<\/h2>\t\t\t\t<\/div>\n\t\t\t\t<\/div>\n\t\t<div class=\"elementor-element elementor-element-0c80ba9 e-flex e-con-boxed e-con e-child\" data-id=\"0c80ba9\" data-element_type=\"container\" data-e-type=\"container\" data-settings=\"{&quot;jet_parallax_layout_list&quot;:[]}\">\n\t\t\t\t\t<div class=\"e-con-inner\">\n\t\t<div class=\"elementor-element elementor-element-b8ed84e e-flex e-con-boxed e-con e-child\" data-id=\"b8ed84e\" data-element_type=\"container\" data-e-type=\"container\" data-settings=\"{&quot;jet_parallax_layout_list&quot;:[]}\">\n\t\t\t\t\t<div class=\"e-con-inner\">\n\t\t\t\t<div class=\"elementor-element elementor-element-ed24d08 elementor-widget elementor-widget-text-editor\" data-id=\"ed24d08\" data-element_type=\"widget\" data-e-type=\"widget\" data-widget_type=\"text-editor.default\">\n\t\t\t\t<div class=\"elementor-widget-container\">\n\t\t\t\t\t\t\t\t\t<p>Ch\u00e8res S\u0153urs, chers partenaires en mission, chers amis,<\/p><p class=\"translation-block\">Notre Equipe de Leadership de Congr\u00e9gation vous pr\u00e9sente ses meilleurs v\u0153ux pour la f\u00eate de Sainte Marie-Euphrasie !  J'ai le plaisir d'annoncer le <strong><em> lancement tant attendu du nouveau site web de notre congr\u00e9gation<\/em><\/strong>, qui est maintenant en ligne.<\/p><p>Je souhaite chaleureusement la bienvenue \u00e0 chacune et chacun d'entre vous pour explorer le site web revitalis\u00e9, fruit d'efforts diligents et d'un d\u00e9vouement in\u00e9branlable de la part du bureau des communications de la congr\u00e9gation et du d\u00e9partement de la communication de GSIF.<\/p><p>Nous remercions sinc\u00e8rement Liam Quinn, notre responsable du bureau des communications, Sr Dale Saavedra, coordinatrice du bureau des communications, Giuseppe Ragone et Sara Braga du service des communications de GSIF, Marco Grottesi du d\u00e9partement informatique, Sr Yvette Arnold, Sr Fran\u00e7oise Mestry et d'innombrables autres personnes dont les contributions ont \u00e9t\u00e9 d\u00e9terminantes pour faire de ce site web une r\u00e9alit\u00e9.<\/p><p>N'h\u00e9sitez pas \u00e0 vous engager activement sur le site web, en partageant vos id\u00e9es, vos histoires et vos r\u00e9flexions sur vos voyages synodaux et vos exp\u00e9riences de la mission. Exploitons le pouvoir de la technologie pour amplifier nos voix, susciter un dialogue constructif et faire progresser notre amour commun de la mission.<\/p><p>Saisissons tout le potentiel que nous offre une communication efficace pour r\u00e9pandre l'espoir, inspirer le changement et magnifier la mission de notre congr\u00e9gation dans le monde.  \u00c0 chaque clic, \u00e0 chaque interaction, que notre site web se transforme en un phare d'amour et de solidarit\u00e9.<\/p>\t\t\t\t\t\t\t\t<\/div>\n\t\t\t\t<\/div>\n\t\t<div class=\"elementor-element elementor-element-b3fe1db e-flex e-con-boxed e-con e-child\" data-id=\"b3fe1db\" data-element_type=\"container\" data-e-type=\"container\" data-settings=\"{&quot;jet_parallax_layout_list&quot;:[]}\">\n\t\t\t\t\t<div class=\"e-con-inner\">\n\t\t<div class=\"elementor-element elementor-element-912945c e-con-full elementor-hidden-mobile e-flex e-con e-child\" data-id=\"912945c\" data-element_type=\"container\" data-e-type=\"container\" data-settings=\"{&quot;jet_parallax_layout_list&quot;:[]}\">\n\t\t\t\t<\/div>\n\t\t<div class=\"elementor-element elementor-element-4c449fd e-con-full e-flex e-con e-child\" data-id=\"4c449fd\" data-element_type=\"container\" data-e-type=\"container\" data-settings=\"{&quot;jet_parallax_layout_list&quot;:[]}\">\n\t\t\t\t<div class=\"elementor-element elementor-element-39448be elementor-widget elementor-widget-text-editor\" data-id=\"39448be\" data-element_type=\"widget\" data-e-type=\"widget\" data-widget_type=\"text-editor.default\">\n\t\t\t\t<div class=\"elementor-widget-container\">\n\t\t\t\t\t\t\t\t\t<p>Avec mes b\u00e9n\u00e9dictions\u00a0<\/p>\t\t\t\t\t\t\t\t<\/div>\n\t\t\t\t<\/div>\n\t\t\t\t<div class=\"elementor-element elementor-element-0e59b56 elementor-widget elementor-widget-heading\" data-id=\"0e59b56\" data-element_type=\"widget\" data-e-type=\"widget\" data-widget_type=\"heading.default\">\n\t\t\t\t<div class=\"elementor-widget-container\">\n\t\t\t\t\t<h1 class=\"elementor-heading-title elementor-size-default\">Joan Lopez<\/h1>\t\t\t\t<\/div>\n\t\t\t\t<\/div>\n\t\t\t\t<div class=\"elementor-element elementor-element-be34ad7 elementor-widget elementor-widget-text-editor\" data-id=\"be34ad7\" data-element_type=\"widget\" data-e-type=\"widget\" data-widget_type=\"text-editor.default\">\n\t\t\t\t<div class=\"elementor-widget-container\">\n\t\t\t\t\t\t\t\t\t<p>Responsable de la Congr\u00e9gation<\/p>\t\t\t\t\t\t\t\t<\/div>\n\t\t\t\t<\/div>\n\t\t\t\t<\/div>\n\t\t\t\t\t<\/div>\n\t\t\t\t<\/div>\n\t\t\t\t\t<\/div>\n\t\t\t\t<\/div>\n\t\t<div class=\"elementor-element elementor-element-db6c8dd e-con-full e-flex e-con e-child\" data-id=\"db6c8dd\" data-element_type=\"container\" data-e-type=\"container\" data-settings=\"{&quot;background_background&quot;:&quot;classic&quot;,&quot;jet_parallax_layout_list&quot;:[]}\">\n\t\t\t\t<div class=\"elementor-element elementor-element-15034f8 elementor-widget__width-initial elementor-widget elementor-widget-image\" data-id=\"15034f8\" data-element_type=\"widget\" data-e-type=\"widget\" data-widget_type=\"image.default\">\n\t\t\t\t<div class=\"elementor-widget-container\">\n\t\t\t\t\t\t\t\t\t\t\t\t\t\t\t<img fetchpriority=\"high\" decoding=\"async\" width=\"800\" height=\"944\" src=\"https:\/\/www.olcgs.org\/wp-content\/uploads\/2024\/04\/joan-1-868x1024.jpeg\" class=\"attachment-large size-large wp-image-8878\" alt=\"\" srcset=\"https:\/\/www.olcgs.org\/wp-content\/uploads\/2024\/04\/joan-1-868x1024.jpeg 868w, https:\/\/www.olcgs.org\/wp-content\/uploads\/2024\/04\/joan-1-254x300.jpeg 254w, https:\/\/www.olcgs.org\/wp-content\/uploads\/2024\/04\/joan-1-768x906.jpeg 768w, https:\/\/www.olcgs.org\/wp-content\/uploads\/2024\/04\/joan-1-1302x1536.jpeg 1302w, https:\/\/www.olcgs.org\/wp-content\/uploads\/2024\/04\/joan-1-10x12.jpeg 10w, https:\/\/www.olcgs.org\/wp-content\/uploads\/2024\/04\/joan-1.jpeg 1695w\" sizes=\"(max-width: 800px) 100vw, 800px\" \/>\t\t\t\t\t\t\t\t\t\t\t\t\t\t\t<\/div>\n\t\t\t\t<\/div>\n\t\t\t\t<\/div>\n\t\t\t\t\t<\/div>\n\t\t\t\t<\/div>\n\t\t\t\t\t<\/div>\n\t\t\t\t<\/div>\n\t\t<div class=\"elementor-element elementor-element-00d46a4 e-flex e-con-boxed e-con e-parent\" data-id=\"00d46a4\" data-element_type=\"container\" data-e-type=\"container\" data-settings=\"{&quot;jet_parallax_layout_list&quot;:[]}\">\n\t\t\t\t\t<div class=\"e-con-inner\">\n\t\t\t\t<div class=\"elementor-element elementor-element-ba4cace elementor-widget__width-initial elementor-widget-tablet__width-initial elementor-widget elementor-widget-heading\" data-id=\"ba4cace\" data-element_type=\"widget\" data-e-type=\"widget\" data-widget_type=\"heading.default\">\n\t\t\t\t<div class=\"elementor-widget-container\">\n\t\t\t\t\t<h2 class=\"elementor-heading-title elementor-size-default\">Message de Liam Michael Quinn, Responsable des Communications<\/h2>\t\t\t\t<\/div>\n\t\t\t\t<\/div>\n\t\t<div class=\"elementor-element elementor-element-4237b7f e-flex e-con-boxed e-con e-child\" data-id=\"4237b7f\" data-element_type=\"container\" data-e-type=\"container\" data-settings=\"{&quot;jet_parallax_layout_list&quot;:[]}\">\n\t\t\t\t\t<div class=\"e-con-inner\">\n\t\t<div class=\"elementor-element elementor-element-3af5063 e-flex e-con-boxed e-con e-child\" data-id=\"3af5063\" data-element_type=\"container\" data-e-type=\"container\" data-settings=\"{&quot;jet_parallax_layout_list&quot;:[]}\">\n\t\t\t\t\t<div class=\"e-con-inner\">\n\t\t\t\t<div class=\"elementor-element elementor-element-e0882ad elementor-widget elementor-widget-text-editor\" data-id=\"e0882ad\" data-element_type=\"widget\" data-e-type=\"widget\" data-widget_type=\"text-editor.default\">\n\t\t\t\t<div class=\"elementor-widget-container\">\n\t\t\t\t\t\t\t\t\t<p>Ch\u00e8res S\u0153urs, chers partenaires en mission et chers amis,<\/p><p>Aujourd'hui, \u00e0 l'occasion de la f\u00eate de Sainte Marie-Euphrasie, le Bureau des Communications est heureux de vous pr\u00e9senter le <strong>nouveau site Internet<\/strong> de Notre-Dame de Charit\u00e9 du Bon Pasteur. La publication du nouveau site fait suite au lancement au d\u00e9but de l'ann\u00e9e, du nouveau <a href=\"https:\/\/www.olcgs.org\/fr\/newsletter\/\"><strong>bulletin \u00e9lectronique<\/strong><\/a>, y <strong>m\u00e9dias sociaux<\/strong> .<\/p><p class=\"translation-block\">Le Bureau des Communications remercie <a href=\"https:\/\/www.gsif.it\/\" target=\"_blank\" rel=\"noopener\">Good Shepherd International Foundation<\/a> pour son soutien dans le d\u00e9veloppement de ce site ainsi que tous les Bureaux de Congr\u00e9gation qui se sont engag\u00e9s \u00e0 nos c\u00f4t\u00e9s pour parvenir \u00e0 cette r\u00e9alisation.<\/p><p class=\"translation-block\">\u00c0 l'aube d'une nouvelle \u00e8re de communication pour la Congr\u00e9gation, nous souhaitons renforcer notre collaboration avec les personnes charg\u00e9es de la communication dans les Unit\u00e9s, les bureaux de la Congr\u00e9gation et Good Shepherd International Foundation, pour trouver des moyens nouveaux et cr\u00e9atifs de faire du Bureau des communications, le p\u00f4le central des activit\u00e9s relatives \u00e0 la communication dans l'ensemble de la Congr\u00e9gation et au-del\u00e0.<\/p><p>Nous esp\u00e9rons qu'au fil de son \u00e9volution, ce site deviendra le c\u0153ur battant des activit\u00e9s de la Congr\u00e9gation et un centre d'information et de ressources o\u00f9 il sera possible de lire, de regarder et d'\u00e9couter des r\u00e9cits sur tous les aspects de nos vies, de nos missions et de nos apostolats.<\/p>\t\t\t\t\t\t\t\t<\/div>\n\t\t\t\t<\/div>\n\t\t<div class=\"elementor-element elementor-element-b198921 e-flex e-con-boxed e-con e-child\" data-id=\"b198921\" data-element_type=\"container\" data-e-type=\"container\" data-settings=\"{&quot;jet_parallax_layout_list&quot;:[]}\">\n\t\t\t\t\t<div class=\"e-con-inner\">\n\t\t<div class=\"elementor-element elementor-element-7accfd6 e-con-full elementor-hidden-mobile e-flex e-con e-child\" data-id=\"7accfd6\" data-element_type=\"container\" data-e-type=\"container\" data-settings=\"{&quot;jet_parallax_layout_list&quot;:[]}\">\n\t\t\t\t<\/div>\n\t\t<div class=\"elementor-element elementor-element-5218833 e-con-full e-flex e-con e-child\" data-id=\"5218833\" data-element_type=\"container\" data-e-type=\"container\" data-settings=\"{&quot;jet_parallax_layout_list&quot;:[]}\">\n\t\t\t\t<div class=\"elementor-element elementor-element-2feafc0 elementor-widget elementor-widget-text-editor\" data-id=\"2feafc0\" data-element_type=\"widget\" data-e-type=\"widget\" data-widget_type=\"text-editor.default\">\n\t\t\t\t<div class=\"elementor-widget-container\">\n\t\t\t\t\t\t\t\t\t<p>Unis dans la mission,\u00a0<\/p>\t\t\t\t\t\t\t\t<\/div>\n\t\t\t\t<\/div>\n\t\t\t\t<div class=\"elementor-element elementor-element-7569f21 elementor-widget elementor-widget-heading\" data-id=\"7569f21\" data-element_type=\"widget\" data-e-type=\"widget\" data-widget_type=\"heading.default\">\n\t\t\t\t<div class=\"elementor-widget-container\">\n\t\t\t\t\t<h1 class=\"elementor-heading-title elementor-size-default\">Liam Michael Quinn<\/h1>\t\t\t\t<\/div>\n\t\t\t\t<\/div>\n\t\t\t\t<div class=\"elementor-element elementor-element-52f7e81 elementor-widget elementor-widget-text-editor\" data-id=\"52f7e81\" data-element_type=\"widget\" data-e-type=\"widget\" data-widget_type=\"text-editor.default\">\n\t\t\t\t<div class=\"elementor-widget-container\">\n\t\t\t\t\t\t\t\t\t<p>Directeur des Communications<\/p>\t\t\t\t\t\t\t\t<\/div>\n\t\t\t\t<\/div>\n\t\t\t\t<\/div>\n\t\t\t\t\t<\/div>\n\t\t\t\t<\/div>\n\t\t\t\t\t<\/div>\n\t\t\t\t<\/div>\n\t\t<div class=\"elementor-element elementor-element-972d8ad e-con-full e-flex e-con e-child\" data-id=\"972d8ad\" data-element_type=\"container\" data-e-type=\"container\" data-settings=\"{&quot;background_background&quot;:&quot;classic&quot;,&quot;jet_parallax_layout_list&quot;:[]}\">\n\t\t\t\t<div class=\"elementor-element elementor-element-b53146c elementor-widget__width-initial elementor-widget elementor-widget-image\" data-id=\"b53146c\" data-element_type=\"widget\" data-e-type=\"widget\" data-widget_type=\"image.default\">\n\t\t\t\t<div class=\"elementor-widget-container\">\n\t\t\t\t\t\t\t\t\t\t\t\t\t\t\t<img decoding=\"async\" width=\"309\" height=\"418\" src=\"https:\/\/www.olcgs.org\/wp-content\/uploads\/2024\/04\/LMQ.png\" class=\"attachment-large size-large wp-image-8899\" alt=\"\" srcset=\"https:\/\/www.olcgs.org\/wp-content\/uploads\/2024\/04\/LMQ.png 309w, https:\/\/www.olcgs.org\/wp-content\/uploads\/2024\/04\/LMQ-222x300.png 222w, https:\/\/www.olcgs.org\/wp-content\/uploads\/2024\/04\/LMQ-9x12.png 9w\" sizes=\"(max-width: 309px) 100vw, 309px\" \/>\t\t\t\t\t\t\t\t\t\t\t\t\t\t\t<\/div>\n\t\t\t\t<\/div>\n\t\t\t\t<div class=\"elementor-element elementor-element-7d3adfe elementor-widget elementor-widget-button\" data-id=\"7d3adfe\" data-element_type=\"widget\" data-e-type=\"widget\" data-widget_type=\"button.default\">\n\t\t\t\t<div class=\"elementor-widget-container\">\n\t\t\t\t\t\t\t\t\t<div class=\"elementor-button-wrapper\">\n\t\t\t\t\t<a class=\"elementor-button elementor-button-link elementor-size-xs\" href=\"#elementor-action%3Aaction%3Dlightbox%26settings%3DeyJ0eXBlIjoidmlkZW8iLCJ2aWRlb1R5cGUiOiJ2aW1lbyIsInVybCI6Imh0dHBzOlwvXC9wbGF5ZXIudmltZW8uY29tXC92aWRlb1wvOTM4NjA3NjczP2g9NmQ3YWUxZjg2MSN0PSJ9\">\n\t\t\t\t\t\t<span class=\"elementor-button-content-wrapper\">\n\t\t\t\t\t\t\t\t\t<span class=\"elementor-button-text\">Cliquez pour la vid\u00e9o de bienvenue<\/span>\n\t\t\t\t\t<\/span>\n\t\t\t\t\t<\/a>\n\t\t\t\t<\/div>\n\t\t\t\t\t\t\t\t<\/div>\n\t\t\t\t<\/div>\n\t\t\t\t<\/div>\n\t\t\t\t\t<\/div>\n\t\t\t\t<\/div>\n\t\t\t\t\t<\/div>\n\t\t\t\t<\/div>\n\t\t\t\t<\/div>","protected":false},"excerpt":{"rendered":"<p>Messages from the Generalate on the launch of the new website Home Message from Sr Joan Lopez, Congregational Leader Dear Sisters, Partners-in-Mission and Friends, We the Congregational Leadership Team wish you a\u00a0 most blessed and happy feast of Saint Mary Euphrasia!\u00a0 I am delighted to announce the much-awaited launch of our congregation&#8217;s new website, which [&hellip;]<\/p>\n","protected":false},"author":1,"featured_media":0,"parent":0,"menu_order":0,"comment_status":"closed","ping_status":"closed","template":"elementor_header_footer","meta":{"footnotes":""},"class_list":["post-8587","page","type-page","status-publish","hentry"],"_links":{"self":[{"href":"https:\/\/www.olcgs.org\/fr\/wp-json\/wp\/v2\/pages\/8587","targetHints":{"allow":["GET"]}}],"collection":[{"href":"https:\/\/www.olcgs.org\/fr\/wp-json\/wp\/v2\/pages"}],"about":[{"href":"https:\/\/www.olcgs.org\/fr\/wp-json\/wp\/v2\/types\/page"}],"author":[{"embeddable":true,"href":"https:\/\/www.olcgs.org\/fr\/wp-json\/wp\/v2\/users\/1"}],"replies":[{"embeddable":true,"href":"https:\/\/www.olcgs.org\/fr\/wp-json\/wp\/v2\/comments?post=8587"}],"version-history":[{"count":123,"href":"https:\/\/www.olcgs.org\/fr\/wp-json\/wp\/v2\/pages\/8587\/revisions"}],"predecessor-version":[{"id":8913,"href":"https:\/\/www.olcgs.org\/fr\/wp-json\/wp\/v2\/pages\/8587\/revisions\/8913"}],"wp:attachment":[{"href":"https:\/\/www.olcgs.org\/fr\/wp-json\/wp\/v2\/media?parent=8587"}],"curies":[{"name":"wp","href":"https:\/\/api.w.org\/{rel}","templated":true}]}}